{"id":623,"date":"2020-12-17T14:29:45","date_gmt":"2020-12-17T13:29:45","guid":{"rendered":"https:\/\/honkytonksail.com\/?page_id=623"},"modified":"2022-09-08T13:25:37","modified_gmt":"2022-09-08T11:25:37","slug":"tuanake","status":"publish","type":"page","link":"https:\/\/honkytonksail.com\/index.php\/tuanake\/","title":{"rendered":"Tuanake"},"content":{"rendered":"\t\t<div data-elementor-type=\"wp-post\" data-elementor-id=\"623\" class=\"elementor elementor-623\" data-elementor-settings=\"[]\">\n\t\t\t\t\t\t<div class=\"elementor-inner\">\n\t\t\t\t\t\t\t<div class=\"elementor-section-wrap\">\n\t\t\t\t\t\t\t<section class=\"elementor-section elementor-top-section elementor-element elementor-element-efc1805 elementor-section-stretched elementor-section-boxed elementor-section-height-default elementor-section-height-default\" data-id=\"efc1805\" data-element_type=\"section\" data-settings=\"{&quot;stretch_section&quot;:&quot;section-stretched&quot;}\">\n\t\t\t\t\t\t<div class=\"elementor-container elementor-column-gap-default\">\n\t\t\t\t\t\t\t<div class=\"elementor-row\">\n\t\t\t\t\t<div class=\"elementor-column elementor-col-50 elementor-top-column elementor-element elementor-element-0be7dbf\" data-id=\"0be7dbf\" data-element_type=\"column\">\n\t\t\t<div class=\"elementor-column-wrap elementor-element-populated\">\n\t\t\t\t\t\t\t<div class=\"elementor-widget-wrap\">\n\t\t\t\t\t\t<div class=\"elementor-element elementor-element-3f5e330 elementor-aspect-ratio-169 elementor-widget elementor-widget-video\" data-id=\"3f5e330\" data-element_type=\"widget\" data-settings=\"{&quot;youtube_url&quot;:&quot;https:\\\/\\\/youtu.be\\\/cH1X4WlNocU&quot;,&quot;autoplay&quot;:&quot;yes&quot;,&quot;play_on_mobile&quot;:&quot;yes&quot;,&quot;mute&quot;:&quot;yes&quot;,&quot;video_type&quot;:&quot;youtube&quot;,&quot;controls&quot;:&quot;yes&quot;,&quot;aspect_ratio&quot;:&quot;169&quot;}\" data-widget_type=\"video.default\">\n\t\t\t\t<div class=\"elementor-widget-container\">\n\t\t\t\t\t<div class=\"elementor-wrapper elementor-fit-aspect-ratio elementor-open-inline\">\n\t\t\t<div class=\"elementor-video\"><\/div>\t\t<\/div>\n\t\t\t\t<\/div>\n\t\t\t\t<\/div>\n\t\t\t\t\t\t<\/div>\n\t\t\t\t\t<\/div>\n\t\t<\/div>\n\t\t\t\t<div class=\"elementor-column elementor-col-50 elementor-top-column elementor-element elementor-element-5b010a5\" data-id=\"5b010a5\" data-element_type=\"column\">\n\t\t\t<div class=\"elementor-column-wrap elementor-element-populated\">\n\t\t\t\t\t\t\t<div class=\"elementor-widget-wrap\">\n\t\t\t\t\t\t<div class=\"elementor-element elementor-element-bcaf1a7 elementor-widget elementor-widget-text-editor\" data-id=\"bcaf1a7\" data-element_type=\"widget\" data-widget_type=\"text-editor.default\">\n\t\t\t\t<div class=\"elementor-widget-container\">\n\t\t\t\t\t<div class=\"elementor-text-editor elementor-clearfix\"><p>TUANAKE is a show of 45 minutes created in 2021. It mixes live painting and original music.<\/p><p><em>&#8220;Tuanake, is a ghost island. It\u2019s a piece of land founded in the middle of the ocean, and never again seen.<\/em><\/p><p><em>A lost letter drives two characters to exchange about islands, freedom, quest, exploration, conquest, colonisation and exil. The journey has many faces. Names of places and names of people are talking to the one who know how to listen. The stories are not always simple.<\/em><\/p><p><span style=\"color: #999999;\">Cr\u00e9ation 2021 &#8211; Music : Bots &#8211; Painting et text: Soizic S\u00e9on <\/span><em><br \/><\/em><\/p><\/div>\n\t\t\t\t<\/div>\n\t\t\t\t<\/div>\n\t\t\t\t\t\t<\/div>\n\t\t\t\t\t<\/div>\n\t\t<\/div>\n\t\t\t\t\t\t\t\t<\/div>\n\t\t\t\t\t<\/div>\n\t\t<\/section>\n\t\t\t\t<section class=\"elementor-section elementor-top-section elementor-element elementor-element-067da28 elementor-section-stretched elementor-section-boxed elementor-section-height-default elementor-section-height-default\" data-id=\"067da28\" data-element_type=\"section\" data-settings=\"{&quot;stretch_section&quot;:&quot;section-stretched&quot;}\">\n\t\t\t\t\t\t<div class=\"elementor-container elementor-column-gap-default\">\n\t\t\t\t\t\t\t<div class=\"elementor-row\">\n\t\t\t\t\t<div class=\"elementor-column elementor-col-33 elementor-top-column elementor-element elementor-element-59c350e\" data-id=\"59c350e\" data-element_type=\"column\">\n\t\t\t<div class=\"elementor-column-wrap elementor-element-populated\">\n\t\t\t\t\t\t\t<div class=\"elementor-widget-wrap\">\n\t\t\t\t\t\t<div class=\"elementor-element elementor-element-f3326f9 elementor-widget elementor-widget-image\" data-id=\"f3326f9\" data-element_type=\"widget\" data-widget_type=\"image.default\">\n\t\t\t\t<div class=\"elementor-widget-container\">\n\t\t\t\t\t<div class=\"elementor-image\">\n\t\t\t\t\t\t\t<figure class=\"wp-caption\">\n\t\t\t\t\t\t\t\t\t\t<img width=\"730\" height=\"487\" src=\"https:\/\/honkytonksail.com\/wp-content\/uploads\/2022\/03\/teatro-faialense-horta-1024x683.jpg\" class=\"attachment-large size-large\" alt=\"\" loading=\"lazy\" srcset=\"https:\/\/honkytonksail.com\/wp-content\/uploads\/2022\/03\/teatro-faialense-horta-1024x683.jpg 1024w, https:\/\/honkytonksail.com\/wp-content\/uploads\/2022\/03\/teatro-faialense-horta-300x200.jpg 300w, https:\/\/honkytonksail.com\/wp-content\/uploads\/2022\/03\/teatro-faialense-horta-768x512.jpg 768w, https:\/\/honkytonksail.com\/wp-content\/uploads\/2022\/03\/teatro-faialense-horta-1536x1024.jpg 1536w, https:\/\/honkytonksail.com\/wp-content\/uploads\/2022\/03\/teatro-faialense-horta.jpg 2048w\" sizes=\"(max-width: 730px) 100vw, 730px\" \/>\t\t\t\t\t\t\t\t\t\t\t<figcaption class=\"widget-image-caption wp-caption-text\">Tuanake at Teatro Faialense, Horta, A\u00e7ores<\/figcaption>\n\t\t\t\t\t\t\t\t\t\t<\/figure>\n\t\t\t\t\t<\/div>\n\t\t\t\t<\/div>\n\t\t\t\t<\/div>\n\t\t\t\t\t\t<\/div>\n\t\t\t\t\t<\/div>\n\t\t<\/div>\n\t\t\t\t<div class=\"elementor-column elementor-col-33 elementor-top-column elementor-element elementor-element-2128439\" data-id=\"2128439\" data-element_type=\"column\">\n\t\t\t<div class=\"elementor-column-wrap elementor-element-populated\">\n\t\t\t\t\t\t\t<div class=\"elementor-widget-wrap\">\n\t\t\t\t\t\t<div class=\"elementor-element elementor-element-b7df5a2 elementor-widget elementor-widget-image\" data-id=\"b7df5a2\" data-element_type=\"widget\" data-widget_type=\"image.default\">\n\t\t\t\t<div class=\"elementor-widget-container\">\n\t\t\t\t\t<div class=\"elementor-image\">\n\t\t\t\t\t\t\t<figure class=\"wp-caption\">\n\t\t\t\t\t\t\t\t\t\t<img width=\"730\" height=\"487\" src=\"https:\/\/honkytonksail.com\/wp-content\/uploads\/2021\/10\/Tuanake-St-Brieux-LD-1024x683.jpg\" class=\"attachment-large size-large\" alt=\"\" loading=\"lazy\" srcset=\"https:\/\/honkytonksail.com\/wp-content\/uploads\/2021\/10\/Tuanake-St-Brieux-LD-1024x683.jpg 1024w, https:\/\/honkytonksail.com\/wp-content\/uploads\/2021\/10\/Tuanake-St-Brieux-LD-300x200.jpg 300w, https:\/\/honkytonksail.com\/wp-content\/uploads\/2021\/10\/Tuanake-St-Brieux-LD-768x512.jpg 768w, https:\/\/honkytonksail.com\/wp-content\/uploads\/2021\/10\/Tuanake-St-Brieux-LD-1536x1024.jpg 1536w, https:\/\/honkytonksail.com\/wp-content\/uploads\/2021\/10\/Tuanake-St-Brieux-LD.jpg 1944w\" sizes=\"(max-width: 730px) 100vw, 730px\" \/>\t\t\t\t\t\t\t\t\t\t\t<figcaption class=\"widget-image-caption wp-caption-text\">Tuanake on the boat, at Port du L\u00e9gu\u00e9, august 2021<\/figcaption>\n\t\t\t\t\t\t\t\t\t\t<\/figure>\n\t\t\t\t\t<\/div>\n\t\t\t\t<\/div>\n\t\t\t\t<\/div>\n\t\t\t\t\t\t<\/div>\n\t\t\t\t\t<\/div>\n\t\t<\/div>\n\t\t\t\t<div class=\"elementor-column elementor-col-33 elementor-top-column elementor-element elementor-element-5600b36\" data-id=\"5600b36\" data-element_type=\"column\">\n\t\t\t<div class=\"elementor-column-wrap elementor-element-populated\">\n\t\t\t\t\t\t\t<div class=\"elementor-widget-wrap\">\n\t\t\t\t\t\t<div class=\"elementor-element elementor-element-8c16b46 elementor-widget elementor-widget-image\" data-id=\"8c16b46\" data-element_type=\"widget\" data-widget_type=\"image.default\">\n\t\t\t\t<div class=\"elementor-widget-container\">\n\t\t\t\t\t<div class=\"elementor-image\">\n\t\t\t\t\t\t\t<figure class=\"wp-caption\">\n\t\t\t\t\t\t\t\t\t\t<img width=\"730\" height=\"487\" src=\"https:\/\/honkytonksail.com\/wp-content\/uploads\/2022\/03\/teatro-faialense-projo-1024x683.jpg\" class=\"attachment-large size-large\" alt=\"\" loading=\"lazy\" srcset=\"https:\/\/honkytonksail.com\/wp-content\/uploads\/2022\/03\/teatro-faialense-projo-1024x683.jpg 1024w, https:\/\/honkytonksail.com\/wp-content\/uploads\/2022\/03\/teatro-faialense-projo-300x200.jpg 300w, https:\/\/honkytonksail.com\/wp-content\/uploads\/2022\/03\/teatro-faialense-projo-768x512.jpg 768w, https:\/\/honkytonksail.com\/wp-content\/uploads\/2022\/03\/teatro-faialense-projo-1536x1024.jpg 1536w, https:\/\/honkytonksail.com\/wp-content\/uploads\/2022\/03\/teatro-faialense-projo.jpg 2048w\" sizes=\"(max-width: 730px) 100vw, 730px\" \/>\t\t\t\t\t\t\t\t\t\t\t<figcaption class=\"widget-image-caption wp-caption-text\">Soizic painting on the retroprojector<\/figcaption>\n\t\t\t\t\t\t\t\t\t\t<\/figure>\n\t\t\t\t\t<\/div>\n\t\t\t\t<\/div>\n\t\t\t\t<\/div>\n\t\t\t\t\t\t<\/div>\n\t\t\t\t\t<\/div>\n\t\t<\/div>\n\t\t\t\t\t\t\t\t<\/div>\n\t\t\t\t\t<\/div>\n\t\t<\/section>\n\t\t\t\t<section class=\"elementor-section elementor-top-section elementor-element elementor-element-6dc71d9 elementor-section-stretched elementor-section-boxed elementor-section-height-default elementor-section-height-default\" data-id=\"6dc71d9\" data-element_type=\"section\" data-settings=\"{&quot;stretch_section&quot;:&quot;section-stretched&quot;}\">\n\t\t\t\t\t\t<div class=\"elementor-container elementor-column-gap-default\">\n\t\t\t\t\t\t\t<div class=\"elementor-row\">\n\t\t\t\t\t<div class=\"elementor-column elementor-col-50 elementor-top-column elementor-element elementor-element-5efb2bb\" data-id=\"5efb2bb\" data-element_type=\"column\">\n\t\t\t<div class=\"elementor-column-wrap elementor-element-populated\">\n\t\t\t\t\t\t\t<div class=\"elementor-widget-wrap\">\n\t\t\t\t\t\t<div class=\"elementor-element elementor-element-7dde64d elementor-widget elementor-widget-text-editor\" data-id=\"7dde64d\" data-element_type=\"widget\" data-widget_type=\"text-editor.default\">\n\t\t\t\t<div class=\"elementor-widget-container\">\n\t\t\t\t\t<div class=\"elementor-text-editor elementor-clearfix\"><div class=\"page\" title=\"Page 1\"><div class=\"section\"><div class=\"layoutArea\"><div class=\"column\"><p>\u201cAu fil de nos voyages a\u0300 la voile, nous nous sommes confronte\u0301s a\u0300 ce que racontent les oce\u0301ans. Leurs visages contraste\u0301s nous interpellent. La mer e\u0301voque la liberte\u0301 et la nature sauvage, mais aussi les frontie\u0300res, l\u2019exil et la guerre. I\u0302les e\u0301tapes, i\u0302les isole\u0301es, terres des possibles et des interdits, les pays y exercent leurs plus sombres commerces. Pour la cre\u0301ation de Tuanake, nous avons puise\u0301 dans notre expe\u0301rience maritime et dans les histoires entendues sur les quais. En utilisant les e\u0301changes e\u0301pistolaires comme fil de narration, nous racontons nos souvenirs insulaires, a\u0300 la recherches des singularite\u0301s de ces pays borde\u0301s d\u2019eau. \u201d<\/p><\/div><\/div><\/div><\/div><\/div>\n\t\t\t\t<\/div>\n\t\t\t\t<\/div>\n\t\t\t\t\t\t<\/div>\n\t\t\t\t\t<\/div>\n\t\t<\/div>\n\t\t\t\t<div class=\"elementor-column elementor-col-50 elementor-top-column elementor-element elementor-element-e5962b6\" data-id=\"e5962b6\" data-element_type=\"column\">\n\t\t\t<div class=\"elementor-column-wrap elementor-element-populated\">\n\t\t\t\t\t\t\t<div class=\"elementor-widget-wrap\">\n\t\t\t\t\t\t<div class=\"elementor-element elementor-element-5e2c366 elementor-aspect-ratio-169 elementor-widget elementor-widget-video\" data-id=\"5e2c366\" data-element_type=\"widget\" data-settings=\"{&quot;youtube_url&quot;:&quot;https:\\\/\\\/youtu.be\\\/lCIh6AhLH2M&quot;,&quot;video_type&quot;:&quot;youtube&quot;,&quot;controls&quot;:&quot;yes&quot;,&quot;aspect_ratio&quot;:&quot;169&quot;}\" data-widget_type=\"video.default\">\n\t\t\t\t<div class=\"elementor-widget-container\">\n\t\t\t\t\t<div class=\"elementor-wrapper elementor-fit-aspect-ratio elementor-open-inline\">\n\t\t\t<div class=\"elementor-video\"><\/div>\t\t<\/div>\n\t\t\t\t<\/div>\n\t\t\t\t<\/div>\n\t\t\t\t\t\t<\/div>\n\t\t\t\t\t<\/div>\n\t\t<\/div>\n\t\t\t\t\t\t\t\t<\/div>\n\t\t\t\t\t<\/div>\n\t\t<\/section>\n\t\t\t\t<section class=\"elementor-section elementor-top-section elementor-element elementor-element-d1f4663 elementor-section-stretched elementor-section-boxed elementor-section-height-default elementor-section-height-default\" data-id=\"d1f4663\" data-element_type=\"section\" data-settings=\"{&quot;stretch_section&quot;:&quot;section-stretched&quot;}\">\n\t\t\t\t\t\t<div class=\"elementor-container elementor-column-gap-default\">\n\t\t\t\t\t\t\t<div class=\"elementor-row\">\n\t\t\t\t\t<div class=\"elementor-column elementor-col-50 elementor-top-column elementor-element elementor-element-6c0677a\" data-id=\"6c0677a\" data-element_type=\"column\">\n\t\t\t<div class=\"elementor-column-wrap elementor-element-populated\">\n\t\t\t\t\t\t\t<div class=\"elementor-widget-wrap\">\n\t\t\t\t\t\t<div class=\"elementor-element elementor-element-a4b456e elementor-widget elementor-widget-image\" data-id=\"a4b456e\" data-element_type=\"widget\" data-widget_type=\"image.default\">\n\t\t\t\t<div class=\"elementor-widget-container\">\n\t\t\t\t\t<div class=\"elementor-image\">\n\t\t\t\t\t\t\t<figure class=\"wp-caption\">\n\t\t\t\t\t\t\t\t\t\t<img width=\"719\" height=\"480\" src=\"https:\/\/honkytonksail.com\/wp-content\/uploads\/2022\/03\/tuanake-baleia.jpg\" class=\"attachment-large size-large\" alt=\"\" loading=\"lazy\" srcset=\"https:\/\/honkytonksail.com\/wp-content\/uploads\/2022\/03\/tuanake-baleia.jpg 719w, https:\/\/honkytonksail.com\/wp-content\/uploads\/2022\/03\/tuanake-baleia-300x200.jpg 300w\" sizes=\"(max-width: 719px) 100vw, 719px\" \/>\t\t\t\t\t\t\t\t\t\t\t<figcaption class=\"widget-image-caption wp-caption-text\">Tuanake au Museo da Baleia, \u00eele de Pico, A\u00e7ores, juin 2021<\/figcaption>\n\t\t\t\t\t\t\t\t\t\t<\/figure>\n\t\t\t\t\t<\/div>\n\t\t\t\t<\/div>\n\t\t\t\t<\/div>\n\t\t\t\t\t\t<\/div>\n\t\t\t\t\t<\/div>\n\t\t<\/div>\n\t\t\t\t<div class=\"elementor-column elementor-col-50 elementor-top-column elementor-element elementor-element-b7fc352\" data-id=\"b7fc352\" data-element_type=\"column\">\n\t\t\t<div class=\"elementor-column-wrap elementor-element-populated\">\n\t\t\t\t\t\t\t<div class=\"elementor-widget-wrap\">\n\t\t\t\t\t\t<div class=\"elementor-element elementor-element-4b34413 elementor-widget elementor-widget-image\" data-id=\"4b34413\" data-element_type=\"widget\" data-widget_type=\"image.default\">\n\t\t\t\t<div class=\"elementor-widget-container\">\n\t\t\t\t\t<div class=\"elementor-image\">\n\t\t\t\t\t\t\t<figure class=\"wp-caption\">\n\t\t\t\t\t\t\t\t\t\t<img width=\"730\" height=\"518\" src=\"https:\/\/honkytonksail.com\/wp-content\/uploads\/2022\/09\/lopix-1024x727.jpg\" class=\"attachment-large size-large\" alt=\"\" loading=\"lazy\" srcset=\"https:\/\/honkytonksail.com\/wp-content\/uploads\/2022\/09\/lopix-1024x727.jpg 1024w, https:\/\/honkytonksail.com\/wp-content\/uploads\/2022\/09\/lopix-300x213.jpg 300w, https:\/\/honkytonksail.com\/wp-content\/uploads\/2022\/09\/lopix-768x545.jpg 768w, https:\/\/honkytonksail.com\/wp-content\/uploads\/2022\/09\/lopix-1536x1090.jpg 1536w, https:\/\/honkytonksail.com\/wp-content\/uploads\/2022\/09\/lopix-2048x1454.jpg 2048w\" sizes=\"(max-width: 730px) 100vw, 730px\" \/>\t\t\t\t\t\t\t\t\t\t\t<figcaption class=\"widget-image-caption wp-caption-text\"><\/figcaption>\n\t\t\t\t\t\t\t\t\t\t<\/figure>\n\t\t\t\t\t<\/div>\n\t\t\t\t<\/div>\n\t\t\t\t<\/div>\n\t\t\t\t\t\t<\/div>\n\t\t\t\t\t<\/div>\n\t\t<\/div>\n\t\t\t\t\t\t\t\t<\/div>\n\t\t\t\t\t<\/div>\n\t\t<\/section>\n\t\t\t\t<section class=\"elementor-section elementor-top-section elementor-element elementor-element-d9edb91 elementor-section-stretched elementor-section-boxed elementor-section-height-default elementor-section-height-default\" data-id=\"d9edb91\" data-element_type=\"section\" data-settings=\"{&quot;stretch_section&quot;:&quot;section-stretched&quot;}\">\n\t\t\t\t\t\t<div class=\"elementor-container elementor-column-gap-custom\">\n\t\t\t\t\t\t\t<div class=\"elementor-row\">\n\t\t\t\t\t<div class=\"elementor-column elementor-col-50 elementor-top-column elementor-element elementor-element-aee9f82\" data-id=\"aee9f82\" data-element_type=\"column\">\n\t\t\t<div class=\"elementor-column-wrap elementor-element-populated\">\n\t\t\t\t\t\t\t<div class=\"elementor-widget-wrap\">\n\t\t\t\t\t\t<div class=\"elementor-element elementor-element-09f18f7 elementor-arrows-position-inside elementor-pagination-position-outside elementor-widget elementor-widget-image-carousel\" data-id=\"09f18f7\" data-element_type=\"widget\" data-settings=\"{&quot;slides_to_show&quot;:&quot;1&quot;,&quot;navigation&quot;:&quot;both&quot;,&quot;autoplay&quot;:&quot;yes&quot;,&quot;pause_on_hover&quot;:&quot;yes&quot;,&quot;pause_on_interaction&quot;:&quot;yes&quot;,&quot;autoplay_speed&quot;:5000,&quot;infinite&quot;:&quot;yes&quot;,&quot;effect&quot;:&quot;slide&quot;,&quot;speed&quot;:500}\" data-widget_type=\"image-carousel.default\">\n\t\t\t\t<div class=\"elementor-widget-container\">\n\t\t\t\t\t<div class=\"elementor-image-carousel-wrapper swiper-container\" dir=\"ltr\">\n\t\t\t<div class=\"elementor-image-carousel swiper-wrapper\">\n\t\t\t\t<div class=\"swiper-slide\"><figure class=\"swiper-slide-inner\"><img class=\"swiper-slide-image\" src=\"https:\/\/honkytonksail.com\/wp-content\/uploads\/2022\/09\/tuanake-presentac\u0327ao-PT-1024x711.jpg\" alt=\"Apresenta\u00e7ao do show Tuanake - Portuguese\" \/><figcaption class=\"elementor-image-carousel-caption\">Apresenta\u00e7ao do show Tuanake - Portuguese <\/figcaption><\/figure><\/div><div class=\"swiper-slide\"><figure class=\"swiper-slide-inner\"><img class=\"swiper-slide-image\" src=\"https:\/\/honkytonksail.com\/wp-content\/uploads\/2022\/09\/tuanake-presentation-FR-1024x702.jpg\" alt=\"Pr\u00e9sentation du spectacle Tuanake - version fran\u00e7aise\" \/><figcaption class=\"elementor-image-carousel-caption\">Pr\u00e9sentation du spectacle Tuanake - version fran\u00e7aise<\/figcaption><\/figure><\/div>\t\t\t<\/div>\n\t\t\t\t\t\t\t\t\t\t\t\t<div class=\"swiper-pagination\"><\/div>\n\t\t\t\t\t\t\t\t\t\t\t\t\t<div class=\"elementor-swiper-button elementor-swiper-button-prev\">\n\t\t\t\t\t\t<i class=\"eicon-chevron-left\" aria-hidden=\"true\"><\/i>\n\t\t\t\t\t\t<span class=\"elementor-screen-only\">Pr\u00e9c\u00e9dent<\/span>\n\t\t\t\t\t<\/div>\n\t\t\t\t\t<div class=\"elementor-swiper-button elementor-swiper-button-next\">\n\t\t\t\t\t\t<i class=\"eicon-chevron-right\" aria-hidden=\"true\"><\/i>\n\t\t\t\t\t\t<span class=\"elementor-screen-only\">Suivant<\/span>\n\t\t\t\t\t<\/div>\n\t\t\t\t\t\t\t\t\t<\/div>\n\t\t\t\t<\/div>\n\t\t\t\t<\/div>\n\t\t\t\t\t\t<\/div>\n\t\t\t\t\t<\/div>\n\t\t<\/div>\n\t\t\t\t<div class=\"elementor-column elementor-col-50 elementor-top-column elementor-element elementor-element-30f9617\" data-id=\"30f9617\" data-element_type=\"column\">\n\t\t\t<div class=\"elementor-column-wrap elementor-element-populated\">\n\t\t\t\t\t\t\t<div class=\"elementor-widget-wrap\">\n\t\t\t\t\t\t<div class=\"elementor-element elementor-element-4da9e35 elementor-widget elementor-widget-image\" data-id=\"4da9e35\" data-element_type=\"widget\" data-widget_type=\"image.default\">\n\t\t\t\t<div class=\"elementor-widget-container\">\n\t\t\t\t\t<div class=\"elementor-image\">\n\t\t\t\t\t\t\t\t\t\t<img width=\"371\" height=\"1024\" src=\"https:\/\/honkytonksail.com\/wp-content\/uploads\/2022\/03\/IMG_2405-371x1024.jpg\" class=\"attachment-large size-large\" alt=\"\" loading=\"lazy\" srcset=\"https:\/\/honkytonksail.com\/wp-content\/uploads\/2022\/03\/IMG_2405-371x1024.jpg 371w, https:\/\/honkytonksail.com\/wp-content\/uploads\/2022\/03\/IMG_2405-109x300.jpg 109w, https:\/\/honkytonksail.com\/wp-content\/uploads\/2022\/03\/IMG_2405-768x2120.jpg 768w, https:\/\/honkytonksail.com\/wp-content\/uploads\/2022\/03\/IMG_2405-557x1536.jpg 557w, https:\/\/honkytonksail.com\/wp-content\/uploads\/2022\/03\/IMG_2405-742x2048.jpg 742w, https:\/\/honkytonksail.com\/wp-content\/uploads\/2022\/03\/IMG_2405-scaled.jpg 928w\" sizes=\"(max-width: 371px) 100vw, 371px\" \/>\t\t\t\t\t\t\t\t\t\t\t<\/div>\n\t\t\t\t<\/div>\n\t\t\t\t<\/div>\n\t\t\t\t\t\t<\/div>\n\t\t\t\t\t<\/div>\n\t\t<\/div>\n\t\t\t\t\t\t\t\t<\/div>\n\t\t\t\t\t<\/div>\n\t\t<\/section>\n\t\t\t\t<section class=\"elementor-section elementor-top-section elementor-element elementor-element-082ab67 elementor-section-stretched elementor-section-boxed elementor-section-height-default elementor-section-height-default\" data-id=\"082ab67\" data-element_type=\"section\" data-settings=\"{&quot;stretch_section&quot;:&quot;section-stretched&quot;}\">\n\t\t\t\t\t\t<div class=\"elementor-container elementor-column-gap-default\">\n\t\t\t\t\t\t\t<div class=\"elementor-row\">\n\t\t\t\t\t<div class=\"elementor-column elementor-col-33 elementor-top-column elementor-element elementor-element-6d891e9\" data-id=\"6d891e9\" data-element_type=\"column\">\n\t\t\t<div class=\"elementor-column-wrap elementor-element-populated\">\n\t\t\t\t\t\t\t<div class=\"elementor-widget-wrap\">\n\t\t\t\t\t\t<div class=\"elementor-element elementor-element-6ad3d48 elementor-widget elementor-widget-text-editor\" data-id=\"6ad3d48\" data-element_type=\"widget\" data-widget_type=\"text-editor.default\">\n\t\t\t\t<div class=\"elementor-widget-container\">\n\t\t\t\t\t<div class=\"elementor-text-editor elementor-clearfix\"><p>Le teaser du spectacle a \u00e9t\u00e9 r\u00e9alis\u00e9 avec le soutien de l\u2019Adami &#8211; <a href=\"https:\/\/www.adami.fr\/\">www.adami.fr<\/a> &#8211; Organisme de gestion collective des droits des artistes-interpre\u0300tes : gestion des droits, aide financie\u0300re aux projets, de\u0301fense des inte\u0301re\u0302ts et accompagnement de carrie\u0300re.<\/p><\/div>\n\t\t\t\t<\/div>\n\t\t\t\t<\/div>\n\t\t\t\t\t\t<\/div>\n\t\t\t\t\t<\/div>\n\t\t<\/div>\n\t\t\t\t<div class=\"elementor-column elementor-col-33 elementor-top-column elementor-element elementor-element-2715c0e\" data-id=\"2715c0e\" data-element_type=\"column\">\n\t\t\t<div class=\"elementor-column-wrap elementor-element-populated\">\n\t\t\t\t\t\t\t<div class=\"elementor-widget-wrap\">\n\t\t\t\t\t\t<div class=\"elementor-element elementor-element-ee54263 elementor-widget elementor-widget-image\" data-id=\"ee54263\" data-element_type=\"widget\" data-widget_type=\"image.default\">\n\t\t\t\t<div class=\"elementor-widget-container\">\n\t\t\t\t\t<div class=\"elementor-image\">\n\t\t\t\t\t\t\t\t\t\t<img width=\"425\" height=\"425\" src=\"https:\/\/honkytonksail.com\/wp-content\/uploads\/2022\/09\/PICTO_COPIE_PRIVEE_NOIR.jpg\" class=\"attachment-large size-large\" alt=\"\" loading=\"lazy\" srcset=\"https:\/\/honkytonksail.com\/wp-content\/uploads\/2022\/09\/PICTO_COPIE_PRIVEE_NOIR.jpg 425w, https:\/\/honkytonksail.com\/wp-content\/uploads\/2022\/09\/PICTO_COPIE_PRIVEE_NOIR-300x300.jpg 300w, https:\/\/honkytonksail.com\/wp-content\/uploads\/2022\/09\/PICTO_COPIE_PRIVEE_NOIR-150x150.jpg 150w\" sizes=\"(max-width: 425px) 100vw, 425px\" \/>\t\t\t\t\t\t\t\t\t\t\t<\/div>\n\t\t\t\t<\/div>\n\t\t\t\t<\/div>\n\t\t\t\t\t\t<\/div>\n\t\t\t\t\t<\/div>\n\t\t<\/div>\n\t\t\t\t<div class=\"elementor-column elementor-col-33 elementor-top-column elementor-element elementor-element-1dd203f\" data-id=\"1dd203f\" data-element_type=\"column\">\n\t\t\t<div class=\"elementor-column-wrap elementor-element-populated\">\n\t\t\t\t\t\t\t<div class=\"elementor-widget-wrap\">\n\t\t\t\t\t\t<div class=\"elementor-element elementor-element-e87fe24 elementor-widget elementor-widget-image\" data-id=\"e87fe24\" data-element_type=\"widget\" data-widget_type=\"image.default\">\n\t\t\t\t<div class=\"elementor-widget-container\">\n\t\t\t\t\t<div class=\"elementor-image\">\n\t\t\t\t\t\t\t\t\t\t<img width=\"730\" height=\"476\" src=\"https:\/\/honkytonksail.com\/wp-content\/uploads\/2022\/09\/LOGO-ADAMI-HORIZONTAL-SIGNAT-FR-NOIR-01-1024x668.png\" class=\"attachment-large size-large\" alt=\"\" loading=\"lazy\" srcset=\"https:\/\/honkytonksail.com\/wp-content\/uploads\/2022\/09\/LOGO-ADAMI-HORIZONTAL-SIGNAT-FR-NOIR-01-1024x668.png 1024w, https:\/\/honkytonksail.com\/wp-content\/uploads\/2022\/09\/LOGO-ADAMI-HORIZONTAL-SIGNAT-FR-NOIR-01-300x196.png 300w, https:\/\/honkytonksail.com\/wp-content\/uploads\/2022\/09\/LOGO-ADAMI-HORIZONTAL-SIGNAT-FR-NOIR-01-768x501.png 768w, https:\/\/honkytonksail.com\/wp-content\/uploads\/2022\/09\/LOGO-ADAMI-HORIZONTAL-SIGNAT-FR-NOIR-01-1536x1002.png 1536w, https:\/\/honkytonksail.com\/wp-content\/uploads\/2022\/09\/LOGO-ADAMI-HORIZONTAL-SIGNAT-FR-NOIR-01.png 1614w\" sizes=\"(max-width: 730px) 100vw, 730px\" \/>\t\t\t\t\t\t\t\t\t\t\t<\/div>\n\t\t\t\t<\/div>\n\t\t\t\t<\/div>\n\t\t\t\t\t\t<\/div>\n\t\t\t\t\t<\/div>\n\t\t<\/div>\n\t\t\t\t\t\t\t\t<\/div>\n\t\t\t\t\t<\/div>\n\t\t<\/section>\n\t\t\t\t\t\t<\/div>\n\t\t\t\t\t\t<\/div>\n\t\t\t\t\t<\/div>\n\t\t","protected":false},"excerpt":{"rendered":"<p>https:\/\/youtu.be\/cH1X4WlNocU TUANAKE is a show of 45 minutes created in 2021. It mixes live painting and original music. &#8220;Tuanake, is a ghost island. It\u2019s a piece of land founded in the middle of the ocean, and never again seen. A lost letter drives two characters to exchange about islands, freedom, quest, exploration, conquest, colonisation and<a class=\"moretag\" href=\"https:\/\/honkytonksail.com\/index.php\/tuanake\/\"><span class=\"screen-reader-text\">En savoir plus surTuanake<\/span>[&#8230;]<\/a><\/p>\n","protected":false},"author":1,"featured_media":0,"parent":0,"menu_order":0,"comment_status":"closed","ping_status":"closed","template":"","meta":{"spay_email":""},"jetpack_sharing_enabled":true,"jetpack_shortlink":"https:\/\/wp.me\/Pasi3H-a3","_links":{"self":[{"href":"https:\/\/honkytonksail.com\/index.php\/wp-json\/wp\/v2\/pages\/623"}],"collection":[{"href":"https:\/\/honkytonksail.com\/index.php\/wp-json\/wp\/v2\/pages"}],"about":[{"href":"https:\/\/honkytonksail.com\/index.php\/wp-json\/wp\/v2\/types\/page"}],"author":[{"embeddable":true,"href":"https:\/\/honkytonksail.com\/index.php\/wp-json\/wp\/v2\/users\/1"}],"replies":[{"embeddable":true,"href":"https:\/\/honkytonksail.com\/index.php\/wp-json\/wp\/v2\/comments?post=623"}],"version-history":[{"count":67,"href":"https:\/\/honkytonksail.com\/index.php\/wp-json\/wp\/v2\/pages\/623\/revisions"}],"predecessor-version":[{"id":1341,"href":"https:\/\/honkytonksail.com\/index.php\/wp-json\/wp\/v2\/pages\/623\/revisions\/1341"}],"wp:attachment":[{"href":"https:\/\/honkytonksail.com\/index.php\/wp-json\/wp\/v2\/media?parent=623"}],"curies":[{"name":"wp","href":"https:\/\/api.w.org\/{rel}","templated":true}]}}