{"id":455,"date":"2020-01-15T12:03:42","date_gmt":"2020-01-15T11:03:42","guid":{"rendered":"https:\/\/honkytonksail.com\/?page_id=455"},"modified":"2020-05-23T12:12:04","modified_gmt":"2020-05-23T10:12:04","slug":"stages-a-bord-juin-2020","status":"publish","type":"page","link":"https:\/\/honkytonksail.com\/index.php\/stages-a-bord-juin-2020\/","title":{"rendered":"Stages artistiques \u00e0 bord"},"content":{"rendered":"\t\t<div data-elementor-type=\"wp-post\" data-elementor-id=\"455\" class=\"elementor elementor-455 elementor-bc-flex-widget\" data-elementor-settings=\"[]\">\n\t\t\t\t\t\t<div class=\"elementor-inner\">\n\t\t\t\t\t\t\t<div class=\"elementor-section-wrap\">\n\t\t\t\t\t\t\t<section class=\"elementor-section elementor-top-section elementor-element elementor-element-c4ffeef elementor-section-boxed elementor-section-height-default elementor-section-height-default\" data-id=\"c4ffeef\" data-element_type=\"section\">\n\t\t\t\t\t\t<div class=\"elementor-container elementor-column-gap-default\">\n\t\t\t\t\t\t\t<div class=\"elementor-row\">\n\t\t\t\t\t<div class=\"elementor-column elementor-col-100 elementor-top-column elementor-element elementor-element-588766d\" data-id=\"588766d\" data-element_type=\"column\">\n\t\t\t<div class=\"elementor-column-wrap\">\n\t\t\t\t\t\t\t<div class=\"elementor-widget-wrap\">\n\t\t\t\t\t\t\t\t<\/div>\n\t\t\t\t\t<\/div>\n\t\t<\/div>\n\t\t\t\t\t\t\t\t<\/div>\n\t\t\t\t\t<\/div>\n\t\t<\/section>\n\t\t\t\t<section class=\"elementor-section elementor-top-section elementor-element elementor-element-f8c4d14 elementor-section-boxed elementor-section-height-default elementor-section-height-default\" data-id=\"f8c4d14\" data-element_type=\"section\">\n\t\t\t\t\t\t<div class=\"elementor-container elementor-column-gap-default\">\n\t\t\t\t\t\t\t<div class=\"elementor-row\">\n\t\t\t\t\t<div class=\"elementor-column elementor-col-50 elementor-top-column elementor-element elementor-element-e6fa000\" data-id=\"e6fa000\" data-element_type=\"column\">\n\t\t\t<div class=\"elementor-column-wrap elementor-element-populated\">\n\t\t\t\t\t\t\t<div class=\"elementor-widget-wrap\">\n\t\t\t\t\t\t<div class=\"elementor-element elementor-element-f0c7e7f elementor-widget elementor-widget-text-editor\" data-id=\"f0c7e7f\" data-element_type=\"widget\" data-widget_type=\"text-editor.default\">\n\t\t\t\t<div class=\"elementor-widget-container\">\n\t\t\t\t\t<div class=\"elementor-text-editor elementor-clearfix\"><p>Cette ann\u00e9e nous organisons 2 sessions de stages sur Honky tonk. les dates initiales ont \u00e9t\u00e9 report\u00e9es \u00e0 fin septembre. N&#8217;h\u00e9sitez pas \u00e0 nous contacter !<\/p><\/div>\n\t\t\t\t<\/div>\n\t\t\t\t<\/div>\n\t\t\t\t\t\t<\/div>\n\t\t\t\t\t<\/div>\n\t\t<\/div>\n\t\t\t\t<div class=\"elementor-column elementor-col-50 elementor-top-column elementor-element elementor-element-e1dd561\" data-id=\"e1dd561\" data-element_type=\"column\">\n\t\t\t<div class=\"elementor-column-wrap elementor-element-populated\">\n\t\t\t\t\t\t\t<div class=\"elementor-widget-wrap\">\n\t\t\t\t\t\t<div class=\"elementor-element elementor-element-5bc0f68 elementor-button-danger elementor-widget elementor-widget-button\" data-id=\"5bc0f68\" data-element_type=\"widget\" data-widget_type=\"button.default\">\n\t\t\t\t<div class=\"elementor-widget-container\">\n\t\t\t\t\t<div class=\"elementor-button-wrapper\">\n\t\t\t<a class=\"elementor-button elementor-size-sm\" role=\"button\">\n\t\t\t\t\t\t<span class=\"elementor-button-content-wrapper\">\n\t\t\t\t\t\t<span class=\"elementor-button-text\"><\/span>\n\t\t<\/span>\n\t\t\t\t\t<\/a>\n\t\t<\/div>\n\t\t\t\t<\/div>\n\t\t\t\t<\/div>\n\t\t\t\t\t\t<\/div>\n\t\t\t\t\t<\/div>\n\t\t<\/div>\n\t\t\t\t\t\t\t\t<\/div>\n\t\t\t\t\t<\/div>\n\t\t<\/section>\n\t\t\t\t<section class=\"elementor-section elementor-top-section elementor-element elementor-element-feca50e elementor-section-boxed elementor-section-height-default elementor-section-height-default\" data-id=\"feca50e\" data-element_type=\"section\">\n\t\t\t\t\t\t<div class=\"elementor-container elementor-column-gap-default\">\n\t\t\t\t\t\t\t<div class=\"elementor-row\">\n\t\t\t\t\t<div class=\"elementor-column elementor-col-50 elementor-top-column elementor-element elementor-element-56817bd\" data-id=\"56817bd\" data-element_type=\"column\">\n\t\t\t<div class=\"elementor-column-wrap elementor-element-populated\">\n\t\t\t\t\t\t\t<div class=\"elementor-widget-wrap\">\n\t\t\t\t\t\t<div class=\"elementor-element elementor-element-ccc3c16 elementor-widget elementor-widget-image\" data-id=\"ccc3c16\" data-element_type=\"widget\" data-widget_type=\"image.default\">\n\t\t\t\t<div class=\"elementor-widget-container\">\n\t\t\t\t\t<div class=\"elementor-image\">\n\t\t\t\t\t\t\t\t\t\t<img width=\"730\" height=\"938\" src=\"https:\/\/honkytonksail.com\/wp-content\/uploads\/2020\/05\/stage-carnet-de-voyage2-797x1024.jpg\" class=\"attachment-large size-large\" alt=\"\" loading=\"lazy\" srcset=\"https:\/\/honkytonksail.com\/wp-content\/uploads\/2020\/05\/stage-carnet-de-voyage2-797x1024.jpg 797w, https:\/\/honkytonksail.com\/wp-content\/uploads\/2020\/05\/stage-carnet-de-voyage2-233x300.jpg 233w, https:\/\/honkytonksail.com\/wp-content\/uploads\/2020\/05\/stage-carnet-de-voyage2-768x987.jpg 768w, https:\/\/honkytonksail.com\/wp-content\/uploads\/2020\/05\/stage-carnet-de-voyage2.jpg 1241w\" sizes=\"(max-width: 730px) 100vw, 730px\" \/>\t\t\t\t\t\t\t\t\t\t\t<\/div>\n\t\t\t\t<\/div>\n\t\t\t\t<\/div>\n\t\t\t\t\t\t<\/div>\n\t\t\t\t\t<\/div>\n\t\t<\/div>\n\t\t\t\t<div class=\"elementor-column elementor-col-50 elementor-top-column elementor-element elementor-element-2c51ff6\" data-id=\"2c51ff6\" data-element_type=\"column\">\n\t\t\t<div class=\"elementor-column-wrap elementor-element-populated\">\n\t\t\t\t\t\t\t<div class=\"elementor-widget-wrap\">\n\t\t\t\t\t\t<div class=\"elementor-element elementor-element-b1a379b elementor-widget elementor-widget-image\" data-id=\"b1a379b\" data-element_type=\"widget\" data-widget_type=\"image.default\">\n\t\t\t\t<div class=\"elementor-widget-container\">\n\t\t\t\t\t<div class=\"elementor-image\">\n\t\t\t\t\t\t\t\t\t\t<img width=\"730\" height=\"938\" src=\"https:\/\/honkytonksail.com\/wp-content\/uploads\/2020\/05\/stage-carnet-de-voyage22-797x1024.jpg\" class=\"attachment-large size-large\" alt=\"\" loading=\"lazy\" srcset=\"https:\/\/honkytonksail.com\/wp-content\/uploads\/2020\/05\/stage-carnet-de-voyage22-797x1024.jpg 797w, https:\/\/honkytonksail.com\/wp-content\/uploads\/2020\/05\/stage-carnet-de-voyage22-233x300.jpg 233w, https:\/\/honkytonksail.com\/wp-content\/uploads\/2020\/05\/stage-carnet-de-voyage22-768x987.jpg 768w, https:\/\/honkytonksail.com\/wp-content\/uploads\/2020\/05\/stage-carnet-de-voyage22.jpg 1241w\" sizes=\"(max-width: 730px) 100vw, 730px\" \/>\t\t\t\t\t\t\t\t\t\t\t<\/div>\n\t\t\t\t<\/div>\n\t\t\t\t<\/div>\n\t\t\t\t\t\t<\/div>\n\t\t\t\t\t<\/div>\n\t\t<\/div>\n\t\t\t\t\t\t\t\t<\/div>\n\t\t\t\t\t<\/div>\n\t\t<\/section>\n\t\t\t\t<section class=\"elementor-section elementor-top-section elementor-element elementor-element-6ba56ad elementor-section-boxed elementor-section-height-default elementor-section-height-default\" data-id=\"6ba56ad\" data-element_type=\"section\">\n\t\t\t\t\t\t<div class=\"elementor-container elementor-column-gap-default\">\n\t\t\t\t\t\t\t<div class=\"elementor-row\">\n\t\t\t\t\t<div class=\"elementor-column elementor-col-100 elementor-top-column elementor-element elementor-element-05841fd\" data-id=\"05841fd\" data-element_type=\"column\">\n\t\t\t<div class=\"elementor-column-wrap elementor-element-populated\">\n\t\t\t\t\t\t\t<div class=\"elementor-widget-wrap\">\n\t\t\t\t\t\t<div class=\"elementor-element elementor-element-bdbef97 elementor-widget-divider--view-line elementor-widget elementor-widget-divider\" data-id=\"bdbef97\" data-element_type=\"widget\" data-widget_type=\"divider.default\">\n\t\t\t\t<div class=\"elementor-widget-container\">\n\t\t\t\t\t<div class=\"elementor-divider\">\n\t\t\t<span class=\"elementor-divider-separator\">\n\t\t\t\t\t\t<\/span>\n\t\t<\/div>\n\t\t\t\t<\/div>\n\t\t\t\t<\/div>\n\t\t\t\t\t\t<\/div>\n\t\t\t\t\t<\/div>\n\t\t<\/div>\n\t\t\t\t\t\t\t\t<\/div>\n\t\t\t\t\t<\/div>\n\t\t<\/section>\n\t\t\t\t<section class=\"elementor-section elementor-top-section elementor-element elementor-element-e34e815 elementor-section-boxed elementor-section-height-default elementor-section-height-default\" data-id=\"e34e815\" data-element_type=\"section\">\n\t\t\t\t\t\t<div class=\"elementor-container elementor-column-gap-default\">\n\t\t\t\t\t\t\t<div class=\"elementor-row\">\n\t\t\t\t\t<div class=\"elementor-column elementor-col-50 elementor-top-column elementor-element elementor-element-f8fbb9a\" data-id=\"f8fbb9a\" data-element_type=\"column\">\n\t\t\t<div class=\"elementor-column-wrap elementor-element-populated\">\n\t\t\t\t\t\t\t<div class=\"elementor-widget-wrap\">\n\t\t\t\t\t\t<div class=\"elementor-element elementor-element-2be2277 elementor-widget elementor-widget-image\" data-id=\"2be2277\" data-element_type=\"widget\" data-widget_type=\"image.default\">\n\t\t\t\t<div class=\"elementor-widget-container\">\n\t\t\t\t\t<div class=\"elementor-image\">\n\t\t\t\t\t\t\t\t\t\t<img width=\"730\" height=\"938\" src=\"https:\/\/honkytonksail.com\/wp-content\/uploads\/2020\/05\/stage-cyanotype2-797x1024.jpg\" class=\"attachment-large size-large\" alt=\"\" loading=\"lazy\" srcset=\"https:\/\/honkytonksail.com\/wp-content\/uploads\/2020\/05\/stage-cyanotype2-797x1024.jpg 797w, https:\/\/honkytonksail.com\/wp-content\/uploads\/2020\/05\/stage-cyanotype2-233x300.jpg 233w, https:\/\/honkytonksail.com\/wp-content\/uploads\/2020\/05\/stage-cyanotype2-768x987.jpg 768w, https:\/\/honkytonksail.com\/wp-content\/uploads\/2020\/05\/stage-cyanotype2.jpg 1241w\" sizes=\"(max-width: 730px) 100vw, 730px\" \/>\t\t\t\t\t\t\t\t\t\t\t<\/div>\n\t\t\t\t<\/div>\n\t\t\t\t<\/div>\n\t\t\t\t\t\t<\/div>\n\t\t\t\t\t<\/div>\n\t\t<\/div>\n\t\t\t\t<div class=\"elementor-column elementor-col-50 elementor-top-column elementor-element elementor-element-8f9dbba\" data-id=\"8f9dbba\" data-element_type=\"column\">\n\t\t\t<div class=\"elementor-column-wrap elementor-element-populated\">\n\t\t\t\t\t\t\t<div class=\"elementor-widget-wrap\">\n\t\t\t\t\t\t<div class=\"elementor-element elementor-element-70afb80 elementor-widget elementor-widget-image\" data-id=\"70afb80\" data-element_type=\"widget\" data-widget_type=\"image.default\">\n\t\t\t\t<div class=\"elementor-widget-container\">\n\t\t\t\t\t<div class=\"elementor-image\">\n\t\t\t\t\t\t\t\t\t\t<img width=\"730\" height=\"938\" src=\"https:\/\/honkytonksail.com\/wp-content\/uploads\/2020\/05\/stage-cyanotype22-797x1024.jpg\" class=\"attachment-large size-large\" alt=\"\" loading=\"lazy\" srcset=\"https:\/\/honkytonksail.com\/wp-content\/uploads\/2020\/05\/stage-cyanotype22-797x1024.jpg 797w, https:\/\/honkytonksail.com\/wp-content\/uploads\/2020\/05\/stage-cyanotype22-233x300.jpg 233w, https:\/\/honkytonksail.com\/wp-content\/uploads\/2020\/05\/stage-cyanotype22-768x987.jpg 768w, https:\/\/honkytonksail.com\/wp-content\/uploads\/2020\/05\/stage-cyanotype22.jpg 1241w\" sizes=\"(max-width: 730px) 100vw, 730px\" \/>\t\t\t\t\t\t\t\t\t\t\t<\/div>\n\t\t\t\t<\/div>\n\t\t\t\t<\/div>\n\t\t\t\t\t\t<\/div>\n\t\t\t\t\t<\/div>\n\t\t<\/div>\n\t\t\t\t\t\t\t\t<\/div>\n\t\t\t\t\t<\/div>\n\t\t<\/section>\n\t\t\t\t<section class=\"elementor-section elementor-top-section elementor-element elementor-element-e60f04d elementor-section-boxed elementor-section-height-default elementor-section-height-default\" data-id=\"e60f04d\" data-element_type=\"section\">\n\t\t\t\t\t\t<div class=\"elementor-container elementor-column-gap-default\">\n\t\t\t\t\t\t\t<div class=\"elementor-row\">\n\t\t\t\t\t<div class=\"elementor-column elementor-col-100 elementor-top-column elementor-element elementor-element-2848356\" data-id=\"2848356\" data-element_type=\"column\">\n\t\t\t<div class=\"elementor-column-wrap elementor-element-populated\">\n\t\t\t\t\t\t\t<div class=\"elementor-widget-wrap\">\n\t\t\t\t\t\t<div class=\"elementor-element elementor-element-e8d9dfa elementor-widget elementor-widget-text-editor\" data-id=\"e8d9dfa\" data-element_type=\"widget\" data-widget_type=\"text-editor.default\">\n\t\t\t\t<div class=\"elementor-widget-container\">\n\t\t\t\t\t<div class=\"elementor-text-editor elementor-clearfix\"><h3>Informations et r\u00e9servations au 07 80 31 86 31 ou honkytonksail@gmail.com<\/h3><\/div>\n\t\t\t\t<\/div>\n\t\t\t\t<\/div>\n\t\t\t\t\t\t<\/div>\n\t\t\t\t\t<\/div>\n\t\t<\/div>\n\t\t\t\t\t\t\t\t<\/div>\n\t\t\t\t\t<\/div>\n\t\t<\/section>\n\t\t\t\t<section class=\"elementor-section elementor-top-section elementor-element elementor-element-c9d5cf8 elementor-section-boxed elementor-section-height-default elementor-section-height-default\" data-id=\"c9d5cf8\" data-element_type=\"section\">\n\t\t\t\t\t\t<div class=\"elementor-container elementor-column-gap-default\">\n\t\t\t\t\t\t\t<div class=\"elementor-row\">\n\t\t\t\t\t<div class=\"elementor-column elementor-col-50 elementor-top-column elementor-element elementor-element-66c2a49\" data-id=\"66c2a49\" data-element_type=\"column\">\n\t\t\t<div class=\"elementor-column-wrap elementor-element-populated\">\n\t\t\t\t\t\t\t<div class=\"elementor-widget-wrap\">\n\t\t\t\t\t\t<div class=\"elementor-element elementor-element-4040512 elementor-aspect-ratio-169 elementor-widget elementor-widget-video\" data-id=\"4040512\" data-element_type=\"widget\" data-settings=\"{&quot;video_type&quot;:&quot;hosted&quot;,&quot;controls&quot;:&quot;yes&quot;,&quot;aspect_ratio&quot;:&quot;169&quot;}\" data-widget_type=\"video.default\">\n\t\t\t\t<div class=\"elementor-widget-container\">\n\t\t\t\t\t<div class=\"e-hosted-video elementor-wrapper elementor-fit-aspect-ratio elementor-open-inline\">\n\t\t\t\t\t<video class=\"elementor-video\" src=\"https:\/\/honkytonksail.com\/wp-content\/uploads\/2020\/05\/Publication-Facebook-940x788-px.mp4\" controls=\"\" controlsList=\"nodownload\"><\/video>\n\t\t\t\t<\/div>\n\t\t\t\t<\/div>\n\t\t\t\t<\/div>\n\t\t\t\t\t\t<\/div>\n\t\t\t\t\t<\/div>\n\t\t<\/div>\n\t\t\t\t<div class=\"elementor-column elementor-col-50 elementor-top-column elementor-element elementor-element-e4e49b5\" data-id=\"e4e49b5\" data-element_type=\"column\">\n\t\t\t<div class=\"elementor-column-wrap elementor-element-populated\">\n\t\t\t\t\t\t\t<div class=\"elementor-widget-wrap\">\n\t\t\t\t\t\t<div class=\"elementor-element elementor-element-47af1fc elementor-aspect-ratio-169 elementor-widget elementor-widget-video\" data-id=\"47af1fc\" data-element_type=\"widget\" data-settings=\"{&quot;youtube_url&quot;:&quot;https:\\\/\\\/youtu.be\\\/BTh3nMWI8pA&quot;,&quot;video_type&quot;:&quot;youtube&quot;,&quot;controls&quot;:&quot;yes&quot;,&quot;aspect_ratio&quot;:&quot;169&quot;}\" data-widget_type=\"video.default\">\n\t\t\t\t<div class=\"elementor-widget-container\">\n\t\t\t\t\t<div class=\"elementor-wrapper elementor-fit-aspect-ratio elementor-open-inline\">\n\t\t\t<div class=\"elementor-video\"><\/div>\t\t<\/div>\n\t\t\t\t<\/div>\n\t\t\t\t<\/div>\n\t\t\t\t\t\t<\/div>\n\t\t\t\t\t<\/div>\n\t\t<\/div>\n\t\t\t\t\t\t\t\t<\/div>\n\t\t\t\t\t<\/div>\n\t\t<\/section>\n\t\t\t\t\t\t<\/div>\n\t\t\t\t\t\t<\/div>\n\t\t\t\t\t<\/div>\n\t\t","protected":false},"excerpt":{"rendered":"<p>Cette ann\u00e9e nous organisons 2 sessions de stages sur Honky tonk. les dates initiales ont \u00e9t\u00e9 report\u00e9es \u00e0 fin septembre. N&#8217;h\u00e9sitez pas \u00e0 nous contacter ! Informations et r\u00e9servations au 07 80 31 86 31 ou honkytonksail@gmail.com<\/p>\n","protected":false},"author":1,"featured_media":0,"parent":0,"menu_order":0,"comment_status":"closed","ping_status":"closed","template":"elementor_header_footer","meta":{"spay_email":""},"jetpack_sharing_enabled":true,"jetpack_shortlink":"https:\/\/wp.me\/Pasi3H-7l","_links":{"self":[{"href":"https:\/\/honkytonksail.com\/index.php\/wp-json\/wp\/v2\/pages\/455"}],"collection":[{"href":"https:\/\/honkytonksail.com\/index.php\/wp-json\/wp\/v2\/pages"}],"about":[{"href":"https:\/\/honkytonksail.com\/index.php\/wp-json\/wp\/v2\/types\/page"}],"author":[{"embeddable":true,"href":"https:\/\/honkytonksail.com\/index.php\/wp-json\/wp\/v2\/users\/1"}],"replies":[{"embeddable":true,"href":"https:\/\/honkytonksail.com\/index.php\/wp-json\/wp\/v2\/comments?post=455"}],"version-history":[{"count":15,"href":"https:\/\/honkytonksail.com\/index.php\/wp-json\/wp\/v2\/pages\/455\/revisions"}],"predecessor-version":[{"id":546,"href":"https:\/\/honkytonksail.com\/index.php\/wp-json\/wp\/v2\/pages\/455\/revisions\/546"}],"wp:attachment":[{"href":"https:\/\/honkytonksail.com\/index.php\/wp-json\/wp\/v2\/media?parent=455"}],"curies":[{"name":"wp","href":"https:\/\/api.w.org\/{rel}","templated":true}]}}