{"id":408,"date":"2019-02-25T17:08:08","date_gmt":"2019-02-25T16:08:08","guid":{"rendered":"https:\/\/honkytonksail.com\/?page_id=408"},"modified":"2019-04-16T19:54:18","modified_gmt":"2019-04-16T17:54:18","slug":"jazz-band","status":"publish","type":"page","link":"https:\/\/honkytonksail.com\/index.php\/project\/jazz-band\/","title":{"rendered":"Jazz band"},"content":{"rendered":"\t\t<div data-elementor-type=\"wp-post\" data-elementor-id=\"408\" class=\"elementor elementor-408 elementor-bc-flex-widget\" data-elementor-settings=\"[]\">\n\t\t\t\t\t\t<div class=\"elementor-inner\">\n\t\t\t\t\t\t\t<div class=\"elementor-section-wrap\">\n\t\t\t\t\t\t\t<section class=\"elementor-section elementor-top-section elementor-element elementor-element-064397d elementor-section-boxed elementor-section-height-default elementor-section-height-default\" data-id=\"064397d\" data-element_type=\"section\">\n\t\t\t\t\t\t<div class=\"elementor-container elementor-column-gap-default\">\n\t\t\t\t\t\t\t<div class=\"elementor-row\">\n\t\t\t\t\t<div class=\"elementor-column elementor-col-50 elementor-top-column elementor-element elementor-element-d867501\" data-id=\"d867501\" data-element_type=\"column\">\n\t\t\t<div class=\"elementor-column-wrap elementor-element-populated\">\n\t\t\t\t\t\t\t<div class=\"elementor-widget-wrap\">\n\t\t\t\t\t\t<div class=\"elementor-element elementor-element-5dd2b3d elementor-arrows-position-inside elementor-pagination-position-outside elementor-widget elementor-widget-image-carousel\" data-id=\"5dd2b3d\" data-element_type=\"widget\" data-settings=\"{&quot;slides_to_show&quot;:&quot;1&quot;,&quot;navigation&quot;:&quot;both&quot;,&quot;autoplay&quot;:&quot;yes&quot;,&quot;pause_on_hover&quot;:&quot;yes&quot;,&quot;pause_on_interaction&quot;:&quot;yes&quot;,&quot;autoplay_speed&quot;:5000,&quot;infinite&quot;:&quot;yes&quot;,&quot;effect&quot;:&quot;slide&quot;,&quot;speed&quot;:500}\" data-widget_type=\"image-carousel.default\">\n\t\t\t\t<div class=\"elementor-widget-container\">\n\t\t\t\t\t<div class=\"elementor-image-carousel-wrapper swiper-container\" dir=\"ltr\">\n\t\t\t<div class=\"elementor-image-carousel swiper-wrapper\">\n\t\t\t\t<div class=\"swiper-slide\"><figure class=\"swiper-slide-inner\"><img class=\"swiper-slide-image\" src=\"https:\/\/honkytonksail.com\/wp-content\/uploads\/2019\/02\/tenerife2.jpg\" alt=\"Tenerife, january 2019 - Photo : Stephan Talneau\" \/><\/figure><\/div><div class=\"swiper-slide\"><figure class=\"swiper-slide-inner\"><img class=\"swiper-slide-image\" src=\"https:\/\/honkytonksail.com\/wp-content\/uploads\/2019\/02\/portugal.jpg\" alt=\"Portugal, november 2018\" \/><\/figure><\/div><div class=\"swiper-slide\"><figure class=\"swiper-slide-inner\"><img class=\"swiper-slide-image\" src=\"https:\/\/honkytonksail.com\/wp-content\/uploads\/2019\/02\/thimoth\u00e9-canaries.jpg\" alt=\"Felix, Anton, Thimot\u00e9, Tenerife, january 2019 - Photo : Stephan Talneau\" \/><\/figure><\/div><div class=\"swiper-slide\"><figure class=\"swiper-slide-inner\"><img class=\"swiper-slide-image\" src=\"https:\/\/honkytonksail.com\/wp-content\/uploads\/2018\/07\/DSC09518.jpg\" alt=\"Guadaloupe, december 2017 - Photo : Coline Godinot\" \/><\/figure><\/div><div class=\"swiper-slide\"><figure class=\"swiper-slide-inner\"><img class=\"swiper-slide-image\" src=\"https:\/\/honkytonksail.com\/wp-content\/uploads\/2019\/02\/leonie-evans.jpg\" alt=\"Leonie Evans, Tenerife, january 2019 - Photo : Stephan Talneau\" \/><\/figure><\/div><div class=\"swiper-slide\"><figure class=\"swiper-slide-inner\"><img class=\"swiper-slide-image\" src=\"https:\/\/honkytonksail.com\/wp-content\/uploads\/2018\/07\/concert-a-bord-derry.png\" alt=\"Northern Ireland - picture : Soizic S\u00e9on\" \/><\/figure><\/div><div class=\"swiper-slide\"><figure class=\"swiper-slide-inner\"><img class=\"swiper-slide-image\" src=\"https:\/\/honkytonksail.com\/wp-content\/uploads\/2019\/02\/tenerife.jpg\" alt=\"Tenerife, january 2019 - Photo : Stephan Talneau\" \/><\/figure><\/div><div class=\"swiper-slide\"><figure class=\"swiper-slide-inner\"><img class=\"swiper-slide-image\" src=\"https:\/\/honkytonksail.com\/wp-content\/uploads\/2019\/02\/jack.jpg\" alt=\"Jack Latimer, Tenerife, january 2019 - Photo : Stephan Talneau\" \/><\/figure><\/div><div class=\"swiper-slide\"><figure class=\"swiper-slide-inner\"><img class=\"swiper-slide-image\" src=\"https:\/\/honkytonksail.com\/wp-content\/uploads\/2019\/02\/gran-canaria.jpg\" alt=\"Sta Cruz de Tenerife, january 2019 - Photo : Stephan Talneau\" \/><\/figure><\/div><div class=\"swiper-slide\"><figure class=\"swiper-slide-inner\"><img class=\"swiper-slide-image\" src=\"https:\/\/honkytonksail.com\/wp-content\/uploads\/2019\/02\/band-street-gran-canaria.jpg\" alt=\"band street gran canaria\" \/><\/figure><\/div><div class=\"swiper-slide\"><figure class=\"swiper-slide-inner\"><img class=\"swiper-slide-image\" src=\"https:\/\/honkytonksail.com\/wp-content\/uploads\/2019\/02\/DSC00125.jpg\" alt=\"New Orleans, february 2018 - Photo : Coline Godinot\" \/><\/figure><\/div><div class=\"swiper-slide\"><figure class=\"swiper-slide-inner\"><img class=\"swiper-slide-image\" src=\"https:\/\/honkytonksail.com\/wp-content\/uploads\/2019\/02\/IMG_20180929_172556.jpg\" alt=\"Locmiquelic, France - festival intergalactic\" \/><\/figure><\/div><div class=\"swiper-slide\"><figure class=\"swiper-slide-inner\"><img class=\"swiper-slide-image\" src=\"https:\/\/honkytonksail.com\/wp-content\/uploads\/2019\/02\/Guardida-stephan-talneau.jpg\" alt=\"Bots, Tenerife, january 2019 - Photo : Stephan Talneau\" \/><\/figure><\/div><div class=\"swiper-slide\"><figure class=\"swiper-slide-inner\"><img class=\"swiper-slide-image\" src=\"https:\/\/honkytonksail.com\/wp-content\/uploads\/2019\/01\/stefan-ld.jpg\" alt=\"Canary islands, january 2019 - Photo : Stephan Talneau\" \/><\/figure><\/div><div class=\"swiper-slide\"><figure class=\"swiper-slide-inner\"><img class=\"swiper-slide-image\" src=\"https:\/\/honkytonksail.com\/wp-content\/uploads\/2018\/09\/htbeach-e1537680551431.jpg\" alt=\"St Barth - picture : Coline Godinot\" \/><\/figure><\/div><div class=\"swiper-slide\"><figure class=\"swiper-slide-inner\"><img class=\"swiper-slide-image\" src=\"https:\/\/honkytonksail.com\/wp-content\/uploads\/2018\/09\/000032.jpg\" alt=\"New Orleans - picture : Coline Godinot\" \/><\/figure><\/div><div class=\"swiper-slide\"><figure class=\"swiper-slide-inner\"><img class=\"swiper-slide-image\" src=\"https:\/\/honkytonksail.com\/wp-content\/uploads\/2018\/07\/honky-tonk-mouillage-deshaies-guadeloupe.jpg\" alt=\"Guadaloupe - picture : Coline Godinot\" \/><\/figure><\/div>\t\t\t<\/div>\n\t\t\t\t\t\t\t\t\t\t\t\t<div class=\"swiper-pagination\"><\/div>\n\t\t\t\t\t\t\t\t\t\t\t\t\t<div class=\"elementor-swiper-button elementor-swiper-button-prev\">\n\t\t\t\t\t\t<i class=\"eicon-chevron-left\" aria-hidden=\"true\"><\/i>\n\t\t\t\t\t\t<span class=\"elementor-screen-only\">Pr\u00e9c\u00e9dent<\/span>\n\t\t\t\t\t<\/div>\n\t\t\t\t\t<div class=\"elementor-swiper-button elementor-swiper-button-next\">\n\t\t\t\t\t\t<i class=\"eicon-chevron-right\" aria-hidden=\"true\"><\/i>\n\t\t\t\t\t\t<span class=\"elementor-screen-only\">Suivant<\/span>\n\t\t\t\t\t<\/div>\n\t\t\t\t\t\t\t\t\t<\/div>\n\t\t\t\t<\/div>\n\t\t\t\t<\/div>\n\t\t\t\t\t\t<\/div>\n\t\t\t\t\t<\/div>\n\t\t<\/div>\n\t\t\t\t<div class=\"elementor-column elementor-col-50 elementor-top-column elementor-element elementor-element-f0b9867\" data-id=\"f0b9867\" data-element_type=\"column\">\n\t\t\t<div class=\"elementor-column-wrap elementor-element-populated\">\n\t\t\t\t\t\t\t<div class=\"elementor-widget-wrap\">\n\t\t\t\t\t\t<div class=\"elementor-element elementor-element-bf84545 elementor-widget elementor-widget-text-editor\" data-id=\"bf84545\" data-element_type=\"widget\" data-widget_type=\"text-editor.default\">\n\t\t\t\t<div class=\"elementor-widget-container\">\n\t\t\t\t\t<div class=\"elementor-text-editor elementor-clearfix\"><p>A full jazz band, travelling around slowly by the power of the wind. Thats what the Honky Tonk Sail project is all about. From 3 to 8 musicians, the composition of the band is ever changing, but always playing traditional jazz and blues. Musicians come and go for a certain length of time, depending on concerts and festivals confirmed.\u00a0<\/p><p>So far, 13 different nationalities have been represented in the band. The Belgian captain plays trumpet and tuba, but we had banjo, guitar, washboard, trombone, clarinet, violin, tap shoes and even double bass and drums !<\/p><p>We alternate in between periods of sailing and playing concerts. Always following the weather forecast, we are not free to come and go as we please. So we organise our tours humbly, leaving long periods of time in between every confirmed festival or series of concerts. Wherever we go, we keep a high regard on busking and street entertainment, which permits us to play with a more free time schedual.\u00a0<\/p><\/div>\n\t\t\t\t<\/div>\n\t\t\t\t<\/div>\n\t\t\t\t\t\t<\/div>\n\t\t\t\t\t<\/div>\n\t\t<\/div>\n\t\t\t\t\t\t\t\t<\/div>\n\t\t\t\t\t<\/div>\n\t\t<\/section>\n\t\t\t\t<section class=\"elementor-section elementor-top-section elementor-element elementor-element-3ed95cb elementor-section-boxed elementor-section-height-default elementor-section-height-default\" data-id=\"3ed95cb\" data-element_type=\"section\">\n\t\t\t\t\t\t<div class=\"elementor-container elementor-column-gap-default\">\n\t\t\t\t\t\t\t<div class=\"elementor-row\">\n\t\t\t\t\t<div class=\"elementor-column elementor-col-50 elementor-top-column elementor-element elementor-element-159b026\" data-id=\"159b026\" data-element_type=\"column\">\n\t\t\t<div class=\"elementor-column-wrap elementor-element-populated\">\n\t\t\t\t\t\t\t<div class=\"elementor-widget-wrap\">\n\t\t\t\t\t\t<div class=\"elementor-element elementor-element-e9a14fb elementor-widget elementor-widget-text-editor\" data-id=\"e9a14fb\" data-element_type=\"widget\" data-widget_type=\"text-editor.default\">\n\t\t\t\t<div class=\"elementor-widget-container\">\n\t\t\t\t\t<div class=\"elementor-text-editor elementor-clearfix\"><p><em>\u00c0 bord du catamaran Honky tonk, un groupe de musiciens voyage avec la force du vent. \u00a0C&#8217;est le jazz New Orleans et le blues des ann\u00e9es 1920 &#8211; 1930 qui est jou\u00e9, quelque soit la composition du band.\u00a0\u00a0L\u2019\u00e9quipage musical, compris entre 3 et 8, est constamment en changement. Comme des vagues, il vient puis repart ! Le jazzband\u00a0\u00e9volue\u00a0ainsi au fil des destinations et des p\u00e9riodes de l\u2019ann\u00e9e.<\/em><\/p><p><em>Les musiciens viennent de tout horizons, et d\u00e9j\u00e0 13 nationalit\u00e9s ont \u00e9t\u00e9 repr\u00e9sent\u00e9es \u00e0 bord. Le capitaine est trompettiste et tubiste, mais beaucoup d&#8217;autres instruments traditionnels du Old jazz sonnent sur Honky tonk : banjo, trombone, saxophone, guitare, violon, clarinette, washbord, claquettes, et m\u00eame contrebasse et batterie !<\/em><\/p><p><em>Le groupe alterne p\u00e9riodes de navigation et p\u00e9riodes de concerts. La m\u00e9t\u00e9o nous \u00e9chappant , les tourn\u00e9es sont organis\u00e9es humblement, laissant de longues p\u00e9riodes pour les d\u00e9placements entre chaque escale. Honky tonk sail joue aussi bien dans des festivals musicaux et maritimes que dans des caf\u00e9s concerts. Une place importante est toujours laiss\u00e9e \u00e0 la rue, o\u00f9 les musiciens peuvent jouer plus spontan\u00e9ment et garder une proximit\u00e9 avec le public.<\/em><\/p><\/div>\n\t\t\t\t<\/div>\n\t\t\t\t<\/div>\n\t\t\t\t\t\t<\/div>\n\t\t\t\t\t<\/div>\n\t\t<\/div>\n\t\t\t\t<div class=\"elementor-column elementor-col-50 elementor-top-column elementor-element elementor-element-459deee\" data-id=\"459deee\" data-element_type=\"column\">\n\t\t\t<div class=\"elementor-column-wrap elementor-element-populated\">\n\t\t\t\t\t\t\t<div class=\"elementor-widget-wrap\">\n\t\t\t\t\t\t<div class=\"elementor-element elementor-element-72d7ebc elementor-arrows-position-inside elementor-pagination-position-outside elementor-widget elementor-widget-image-carousel\" data-id=\"72d7ebc\" data-element_type=\"widget\" data-settings=\"{&quot;slides_to_show&quot;:&quot;1&quot;,&quot;navigation&quot;:&quot;both&quot;,&quot;autoplay&quot;:&quot;yes&quot;,&quot;pause_on_hover&quot;:&quot;yes&quot;,&quot;pause_on_interaction&quot;:&quot;yes&quot;,&quot;autoplay_speed&quot;:5000,&quot;infinite&quot;:&quot;yes&quot;,&quot;effect&quot;:&quot;slide&quot;,&quot;speed&quot;:500}\" data-widget_type=\"image-carousel.default\">\n\t\t\t\t<div class=\"elementor-widget-container\">\n\t\t\t\t\t<div class=\"elementor-image-carousel-wrapper swiper-container\" dir=\"ltr\">\n\t\t\t<div class=\"elementor-image-carousel swiper-wrapper\">\n\t\t\t\t<div class=\"swiper-slide\"><figure class=\"swiper-slide-inner\"><img class=\"swiper-slide-image\" src=\"https:\/\/honkytonksail.com\/wp-content\/uploads\/2018\/07\/encontro-mundo-rural.jpg\" alt=\"Honky tonk sail Encontro mundo rural\" \/><\/figure><\/div><div class=\"swiper-slide\"><figure class=\"swiper-slide-inner\"><img class=\"swiper-slide-image\" src=\"https:\/\/honkytonksail.com\/wp-content\/uploads\/2018\/07\/DSC09502.jpg\" alt=\"Guadaloupe - picture : Coline Godinot\" \/><\/figure><\/div><div class=\"swiper-slide\"><figure class=\"swiper-slide-inner\"><img class=\"swiper-slide-image\" src=\"https:\/\/honkytonksail.com\/wp-content\/uploads\/2018\/09\/000022.jpg\" alt=\"British Virgin Island - picture : Coline Godinot\" \/><\/figure><\/div><div class=\"swiper-slide\"><figure class=\"swiper-slide-inner\"><img class=\"swiper-slide-image\" src=\"https:\/\/honkytonksail.com\/wp-content\/uploads\/2018\/07\/concert-grande-anse-guadeloupe.png\" alt=\"Concert Grande Anse guadeloupe\" \/><\/figure><\/div><div class=\"swiper-slide\"><figure class=\"swiper-slide-inner\"><img class=\"swiper-slide-image\" src=\"https:\/\/honkytonksail.com\/wp-content\/uploads\/2018\/07\/IMG_5752.jpg\" alt=\"Peter&#039;s caf\u00e9 sport, Azores, june 2018\" \/><\/figure><\/div><div class=\"swiper-slide\"><figure class=\"swiper-slide-inner\"><img class=\"swiper-slide-image\" src=\"https:\/\/honkytonksail.com\/wp-content\/uploads\/2018\/07\/GOPR3790-e1537680504334.jpg\" alt=\"Foyle Maritim festival, Northern Ireland - july 2018\" \/><\/figure><\/div><div class=\"swiper-slide\"><figure class=\"swiper-slide-inner\"><img class=\"swiper-slide-image\" src=\"https:\/\/honkytonksail.com\/wp-content\/uploads\/2018\/09\/gvbn.jpg\" alt=\"BVI - winter 2019\" \/><\/figure><\/div>\t\t\t<\/div>\n\t\t\t\t\t\t\t\t\t\t\t\t<div class=\"swiper-pagination\"><\/div>\n\t\t\t\t\t\t\t\t\t\t\t\t\t<div class=\"elementor-swiper-button elementor-swiper-button-prev\">\n\t\t\t\t\t\t<i class=\"eicon-chevron-left\" aria-hidden=\"true\"><\/i>\n\t\t\t\t\t\t<span class=\"elementor-screen-only\">Pr\u00e9c\u00e9dent<\/span>\n\t\t\t\t\t<\/div>\n\t\t\t\t\t<div class=\"elementor-swiper-button elementor-swiper-button-next\">\n\t\t\t\t\t\t<i class=\"eicon-chevron-right\" aria-hidden=\"true\"><\/i>\n\t\t\t\t\t\t<span class=\"elementor-screen-only\">Suivant<\/span>\n\t\t\t\t\t<\/div>\n\t\t\t\t\t\t\t\t\t<\/div>\n\t\t\t\t<\/div>\n\t\t\t\t<\/div>\n\t\t\t\t\t\t<\/div>\n\t\t\t\t\t<\/div>\n\t\t<\/div>\n\t\t\t\t\t\t\t\t<\/div>\n\t\t\t\t\t<\/div>\n\t\t<\/section>\n\t\t\t\t\t\t<\/div>\n\t\t\t\t\t\t<\/div>\n\t\t\t\t\t<\/div>\n\t\t","protected":false},"excerpt":{"rendered":"<p>A full jazz band, travelling around slowly by the power of the wind. Thats what the Honky Tonk Sail project is all about. From 3 to 8 musicians, the composition of the band is ever changing, but always playing traditional jazz and blues. Musicians come and go for a certain length of time, depending on<a class=\"moretag\" href=\"https:\/\/honkytonksail.com\/index.php\/project\/jazz-band\/\"><span class=\"screen-reader-text\">En savoir plus surJazz band<\/span>[&#8230;]<\/a><\/p>\n","protected":false},"author":1,"featured_media":0,"parent":370,"menu_order":0,"comment_status":"closed","ping_status":"closed","template":"template-fullwidth.php","meta":{"spay_email":""},"jetpack_sharing_enabled":true,"jetpack_shortlink":"https:\/\/wp.me\/Pasi3H-6A","_links":{"self":[{"href":"https:\/\/honkytonksail.com\/index.php\/wp-json\/wp\/v2\/pages\/408"}],"collection":[{"href":"https:\/\/honkytonksail.com\/index.php\/wp-json\/wp\/v2\/pages"}],"about":[{"href":"https:\/\/honkytonksail.com\/index.php\/wp-json\/wp\/v2\/types\/page"}],"author":[{"embeddable":true,"href":"https:\/\/honkytonksail.com\/index.php\/wp-json\/wp\/v2\/users\/1"}],"replies":[{"embeddable":true,"href":"https:\/\/honkytonksail.com\/index.php\/wp-json\/wp\/v2\/comments?post=408"}],"version-history":[{"count":9,"href":"https:\/\/honkytonksail.com\/index.php\/wp-json\/wp\/v2\/pages\/408\/revisions"}],"predecessor-version":[{"id":448,"href":"https:\/\/honkytonksail.com\/index.php\/wp-json\/wp\/v2\/pages\/408\/revisions\/448"}],"up":[{"embeddable":true,"href":"https:\/\/honkytonksail.com\/index.php\/wp-json\/wp\/v2\/pages\/370"}],"wp:attachment":[{"href":"https:\/\/honkytonksail.com\/index.php\/wp-json\/wp\/v2\/media?parent=408"}],"curies":[{"name":"wp","href":"https:\/\/api.w.org\/{rel}","templated":true}]}}