{"id":370,"date":"2019-02-22T21:34:33","date_gmt":"2019-02-22T20:34:33","guid":{"rendered":"https:\/\/honkytonksail.com\/?page_id=370"},"modified":"2019-02-25T17:19:17","modified_gmt":"2019-02-25T16:19:17","slug":"project","status":"publish","type":"page","link":"https:\/\/honkytonksail.com\/index.php\/project\/","title":{"rendered":"Projects"},"content":{"rendered":"\t\t<div data-elementor-type=\"wp-post\" data-elementor-id=\"370\" class=\"elementor elementor-370 elementor-bc-flex-widget\" data-elementor-settings=\"[]\">\n\t\t\t\t\t\t<div class=\"elementor-inner\">\n\t\t\t\t\t\t\t<div class=\"elementor-section-wrap\">\n\t\t\t\t\t\t\t<section class=\"elementor-section elementor-top-section elementor-element elementor-element-e544e86 elementor-section-boxed elementor-section-height-default elementor-section-height-default\" data-id=\"e544e86\" data-element_type=\"section\">\n\t\t\t\t\t\t<div class=\"elementor-container elementor-column-gap-default\">\n\t\t\t\t\t\t\t<div class=\"elementor-row\">\n\t\t\t\t\t<div class=\"elementor-column elementor-col-33 elementor-top-column elementor-element elementor-element-ecda1b8\" data-id=\"ecda1b8\" data-element_type=\"column\">\n\t\t\t<div class=\"elementor-column-wrap elementor-element-populated\">\n\t\t\t\t\t\t\t<div class=\"elementor-widget-wrap\">\n\t\t\t\t\t\t<div class=\"elementor-element elementor-element-cd55260 elementor-widget elementor-widget-text-editor\" data-id=\"cd55260\" data-element_type=\"widget\" data-widget_type=\"text-editor.default\">\n\t\t\t\t<div class=\"elementor-widget-container\">\n\t\t\t\t\t<div class=\"elementor-text-editor elementor-clearfix\"><div class=\"page\" title=\"Page 2\"><div class=\"section\"><div class=\"layoutArea\"><div class=\"column\"><p>Honky Tonk Sail is a project that unites new orleans traditional jazz with sailing. On board a catamaran, a group of musicians travel around by the power of the wind. After touring in the Caribbean Islands and New Orleans in winter 2017-2018, Honky Tonk had crossed the Atlantic Ocean in the spring 2018. Playing festivals and concerts in the Azores, Ireland, Belgium and France in the summer, continuing to Galicia, Portugal and Canary islands for the winter. In the spring of 2019, Honky Tonk will enter the Mediterranean sea. The plan is to do repairs on the dry in a boatyard called Navibois in S\u00e8te, France.<\/p><\/div><\/div><\/div><\/div><\/div>\n\t\t\t\t<\/div>\n\t\t\t\t<\/div>\n\t\t\t\t\t\t<\/div>\n\t\t\t\t\t<\/div>\n\t\t<\/div>\n\t\t\t\t<div class=\"elementor-column elementor-col-33 elementor-top-column elementor-element elementor-element-1f9bd81\" data-id=\"1f9bd81\" data-element_type=\"column\">\n\t\t\t<div class=\"elementor-column-wrap elementor-element-populated\">\n\t\t\t\t\t\t\t<div class=\"elementor-widget-wrap\">\n\t\t\t\t\t\t<div class=\"elementor-element elementor-element-e813187 elementor-arrows-position-inside elementor-pagination-position-outside elementor-widget elementor-widget-image-carousel\" data-id=\"e813187\" data-element_type=\"widget\" data-settings=\"{&quot;slides_to_show&quot;:&quot;1&quot;,&quot;navigation&quot;:&quot;both&quot;,&quot;autoplay&quot;:&quot;yes&quot;,&quot;pause_on_hover&quot;:&quot;yes&quot;,&quot;pause_on_interaction&quot;:&quot;yes&quot;,&quot;autoplay_speed&quot;:5000,&quot;infinite&quot;:&quot;yes&quot;,&quot;effect&quot;:&quot;slide&quot;,&quot;speed&quot;:500}\" data-widget_type=\"image-carousel.default\">\n\t\t\t\t<div class=\"elementor-widget-container\">\n\t\t\t\t\t<div class=\"elementor-image-carousel-wrapper swiper-container\" dir=\"ltr\">\n\t\t\t<div class=\"elementor-image-carousel swiper-wrapper\">\n\t\t\t\t<div class=\"swiper-slide\"><figure class=\"swiper-slide-inner\"><img class=\"swiper-slide-image\" src=\"https:\/\/honkytonksail.com\/wp-content\/uploads\/2019\/02\/la-graciosa.jpg\" alt=\"La Graciosa, december 2018\" \/><figcaption class=\"elementor-image-carousel-caption\">La Graciosa, december 2018<\/figcaption><\/figure><\/div><div class=\"swiper-slide\"><figure class=\"swiper-slide-inner\"><img class=\"swiper-slide-image\" src=\"https:\/\/honkytonksail.com\/wp-content\/uploads\/2019\/02\/portugal.jpg\" alt=\"Portugal, november 2018\" \/><figcaption class=\"elementor-image-carousel-caption\">Portugal, november 2018<\/figcaption><\/figure><\/div><div class=\"swiper-slide\"><figure class=\"swiper-slide-inner\"><img class=\"swiper-slide-image\" src=\"https:\/\/honkytonksail.com\/wp-content\/uploads\/2019\/02\/tenerife2.jpg\" alt=\"Tenerife, january 2019 - Photo : Stephan Talneau\" \/><figcaption class=\"elementor-image-carousel-caption\">Tenerife, january 2019 - Photo : Stephan Talneau<\/figcaption><\/figure><\/div><div class=\"swiper-slide\"><figure class=\"swiper-slide-inner\"><img class=\"swiper-slide-image\" src=\"https:\/\/honkytonksail.com\/wp-content\/uploads\/2019\/01\/stefan-ld.jpg\" alt=\"Canary islands, january 2019 - Photo : Stephan Talneau\" \/><figcaption class=\"elementor-image-carousel-caption\">Canary islands, january 2019 - Photo : Stephan Talneau<\/figcaption><\/figure><\/div><div class=\"swiper-slide\"><figure class=\"swiper-slide-inner\"><img class=\"swiper-slide-image\" src=\"https:\/\/honkytonksail.com\/wp-content\/uploads\/2018\/07\/Bardi-peche.jpg\" alt=\"Bardi, Guadaloupe, january 2018 - Photo : Coline Godinot\" \/><figcaption class=\"elementor-image-carousel-caption\">Bardi, Guadaloupe, january 2018 - Photo : Coline Godinot<\/figcaption><\/figure><\/div><div class=\"swiper-slide\"><figure class=\"swiper-slide-inner\"><img class=\"swiper-slide-image\" src=\"https:\/\/honkytonksail.com\/wp-content\/uploads\/2018\/07\/cookie-mouillage-les-saintes.jpg\" alt=\"Marie-Galante, january 2018 - Photo : Coline Godinot\" \/><figcaption class=\"elementor-image-carousel-caption\">Marie-Galante, january 2018 - Photo : Coline Godinot<\/figcaption><\/figure><\/div><div class=\"swiper-slide\"><figure class=\"swiper-slide-inner\"><img class=\"swiper-slide-image\" src=\"https:\/\/honkytonksail.com\/wp-content\/uploads\/2019\/02\/Guardida-stephan-talneau.jpg\" alt=\"Bots, Tenerife, january 2019 - Photo : Stephan Talneau\" \/><figcaption class=\"elementor-image-carousel-caption\">Bots, Tenerife, january 2019 - Photo : Stephan Talneau<\/figcaption><\/figure><\/div><div class=\"swiper-slide\"><figure class=\"swiper-slide-inner\"><img class=\"swiper-slide-image\" src=\"https:\/\/honkytonksail.com\/wp-content\/uploads\/2018\/07\/GOPR3790-e1537680504334.jpg\" alt=\"Foyle Maritim festival, Northern Ireland - july 2018\" \/><figcaption class=\"elementor-image-carousel-caption\">Foyle Maritim festival, Northern Ireland - july 2018<\/figcaption><\/figure><\/div><div class=\"swiper-slide\"><figure class=\"swiper-slide-inner\"><img class=\"swiper-slide-image\" src=\"https:\/\/honkytonksail.com\/wp-content\/uploads\/2018\/07\/DSC09518.jpg\" alt=\"Guadaloupe, december 2017 - Photo : Coline Godinot\" \/><figcaption class=\"elementor-image-carousel-caption\">Guadaloupe, december 2017 - Photo : Coline Godinot<\/figcaption><\/figure><\/div><div class=\"swiper-slide\"><figure class=\"swiper-slide-inner\"><img class=\"swiper-slide-image\" src=\"https:\/\/honkytonksail.com\/wp-content\/uploads\/2019\/02\/20181102_184836.jpg\" alt=\"Galicia, october 2018\" \/><figcaption class=\"elementor-image-carousel-caption\">Galicia, october 2018<\/figcaption><\/figure><\/div><div class=\"swiper-slide\"><figure class=\"swiper-slide-inner\"><img class=\"swiper-slide-image\" src=\"https:\/\/honkytonksail.com\/wp-content\/uploads\/2019\/02\/IMG_20180929_172556.jpg\" alt=\"Locmiquelic, France - festival intergalactic\" \/><figcaption class=\"elementor-image-carousel-caption\">Locmiquelic, France - festival intergalactic<\/figcaption><\/figure><\/div><div class=\"swiper-slide\"><figure class=\"swiper-slide-inner\"><img class=\"swiper-slide-image\" src=\"https:\/\/honkytonksail.com\/wp-content\/uploads\/2019\/02\/DSC00125.jpg\" alt=\"New Orleans, february 2018 - Photo : Coline Godinot\" \/><figcaption class=\"elementor-image-carousel-caption\">New Orleans, february 2018 - Photo : Coline Godinot<\/figcaption><\/figure><\/div><div class=\"swiper-slide\"><figure class=\"swiper-slide-inner\"><img class=\"swiper-slide-image\" src=\"https:\/\/honkytonksail.com\/wp-content\/uploads\/2019\/02\/gran-canaria.jpg\" alt=\"Sta Cruz de Tenerife, january 2019 - Photo : Stephan Talneau\" \/><figcaption class=\"elementor-image-carousel-caption\">Sta Cruz de Tenerife, january 2019 - Photo : Stephan Talneau<\/figcaption><\/figure><\/div><div class=\"swiper-slide\"><figure class=\"swiper-slide-inner\"><img class=\"swiper-slide-image\" src=\"https:\/\/honkytonksail.com\/wp-content\/uploads\/2019\/02\/jack.jpg\" alt=\"Jack Latimer, Tenerife, january 2019 - Photo : Stephan Talneau\" \/><figcaption class=\"elementor-image-carousel-caption\">Jack Latimer, Tenerife, january 2019 - Photo : Stephan Talneau<\/figcaption><\/figure><\/div><div class=\"swiper-slide\"><figure class=\"swiper-slide-inner\"><img class=\"swiper-slide-image\" src=\"https:\/\/honkytonksail.com\/wp-content\/uploads\/2019\/02\/leonie-evans.jpg\" alt=\"Leonie Evans, Tenerife, january 2019 - Photo : Stephan Talneau\" \/><figcaption class=\"elementor-image-carousel-caption\">Leonie Evans, Tenerife, january 2019 - Photo : Stephan Talneau<\/figcaption><\/figure><\/div><div class=\"swiper-slide\"><figure class=\"swiper-slide-inner\"><img class=\"swiper-slide-image\" src=\"https:\/\/honkytonksail.com\/wp-content\/uploads\/2019\/02\/tenerife.jpg\" alt=\"Tenerife, january 2019 - Photo : Stephan Talneau\" \/><figcaption class=\"elementor-image-carousel-caption\">Tenerife, january 2019 - Photo : Stephan Talneau<\/figcaption><\/figure><\/div><div class=\"swiper-slide\"><figure class=\"swiper-slide-inner\"><img class=\"swiper-slide-image\" src=\"https:\/\/honkytonksail.com\/wp-content\/uploads\/2019\/02\/thimoth\u00e9-canaries.jpg\" alt=\"Felix, Anton, Thimot\u00e9, Tenerife, january 2019 - Photo : Stephan Talneau\" \/><figcaption class=\"elementor-image-carousel-caption\">Felix, Anton, Thimot\u00e9, Tenerife, january 2019 - Photo : Stephan Talneau<\/figcaption><\/figure><\/div><div class=\"swiper-slide\"><figure class=\"swiper-slide-inner\"><img class=\"swiper-slide-image\" src=\"https:\/\/honkytonksail.com\/wp-content\/uploads\/2018\/07\/Honky-tonk-St-Barth-jenvier.jpg\" alt=\"Honky tonk, St Barth - Photo : Coline Godinot\" \/><figcaption class=\"elementor-image-carousel-caption\">Honky tonk, St Barth - Photo : Coline Godinot<\/figcaption><\/figure><\/div>\t\t\t<\/div>\n\t\t\t\t\t\t\t\t\t\t\t\t<div class=\"swiper-pagination\"><\/div>\n\t\t\t\t\t\t\t\t\t\t\t\t\t<div class=\"elementor-swiper-button elementor-swiper-button-prev\">\n\t\t\t\t\t\t<i class=\"eicon-chevron-left\" aria-hidden=\"true\"><\/i>\n\t\t\t\t\t\t<span class=\"elementor-screen-only\">Pr\u00e9c\u00e9dent<\/span>\n\t\t\t\t\t<\/div>\n\t\t\t\t\t<div class=\"elementor-swiper-button elementor-swiper-button-next\">\n\t\t\t\t\t\t<i class=\"eicon-chevron-right\" aria-hidden=\"true\"><\/i>\n\t\t\t\t\t\t<span class=\"elementor-screen-only\">Suivant<\/span>\n\t\t\t\t\t<\/div>\n\t\t\t\t\t\t\t\t\t<\/div>\n\t\t\t\t<\/div>\n\t\t\t\t<\/div>\n\t\t\t\t\t\t<\/div>\n\t\t\t\t\t<\/div>\n\t\t<\/div>\n\t\t\t\t<div class=\"elementor-column elementor-col-33 elementor-top-column elementor-element elementor-element-eade188\" data-id=\"eade188\" data-element_type=\"column\">\n\t\t\t<div class=\"elementor-column-wrap\">\n\t\t\t\t\t\t\t<div class=\"elementor-widget-wrap\">\n\t\t\t\t\t\t\t\t<\/div>\n\t\t\t\t\t<\/div>\n\t\t<\/div>\n\t\t\t\t\t\t\t\t<\/div>\n\t\t\t\t\t<\/div>\n\t\t<\/section>\n\t\t\t\t<section class=\"elementor-section elementor-top-section elementor-element elementor-element-61c3276 elementor-section-boxed elementor-section-height-default elementor-section-height-default\" data-id=\"61c3276\" data-element_type=\"section\">\n\t\t\t\t\t\t<div class=\"elementor-container elementor-column-gap-default\">\n\t\t\t\t\t\t\t<div class=\"elementor-row\">\n\t\t\t\t\t<div class=\"elementor-column elementor-col-50 elementor-top-column elementor-element elementor-element-1dacc5a\" data-id=\"1dacc5a\" data-element_type=\"column\">\n\t\t\t<div class=\"elementor-column-wrap elementor-element-populated\">\n\t\t\t\t\t\t\t<div class=\"elementor-widget-wrap\">\n\t\t\t\t\t\t<div class=\"elementor-element elementor-element-af95d13 elementor-widget elementor-widget-text-editor\" data-id=\"af95d13\" data-element_type=\"widget\" data-widget_type=\"text-editor.default\">\n\t\t\t\t<div class=\"elementor-widget-container\">\n\t\t\t\t\t<div class=\"elementor-text-editor elementor-clearfix\"><p>Honky Tonk is an open project that hosts a number of International musicians that keep changing. Different people come and go as the band set up evolves between 3 and 8 musicians, always playing hot jazz. The catamaran hosts 2 permanent residents : Bots, captain and musician, and Soizic S\u00e9on, graphic designer and organiser of cultural and maritime projects.<\/p><\/div>\n\t\t\t\t<\/div>\n\t\t\t\t<\/div>\n\t\t\t\t\t\t<\/div>\n\t\t\t\t\t<\/div>\n\t\t<\/div>\n\t\t\t\t<div class=\"elementor-column elementor-col-50 elementor-top-column elementor-element elementor-element-40cda47\" data-id=\"40cda47\" data-element_type=\"column\">\n\t\t\t<div class=\"elementor-column-wrap elementor-element-populated\">\n\t\t\t\t\t\t\t<div class=\"elementor-widget-wrap\">\n\t\t\t\t\t\t<div class=\"elementor-element elementor-element-62c2760 elementor-widget elementor-widget-text-editor\" data-id=\"62c2760\" data-element_type=\"widget\" data-widget_type=\"text-editor.default\">\n\t\t\t\t<div class=\"elementor-widget-container\">\n\t\t\t\t\t<div class=\"elementor-text-editor elementor-clearfix\"><p><em>Honky Tonk Sail est un projet qui r\u00e9unit le jazz traditionnel de New Orleans et la voile. \u00c0 bord du catamaran, un groupe de musiciens voyage avec la force du vent. Apr\u00e8s une tourn\u00e9e aux Cara\u00efbes et \u00e0 la nouvelle Orl\u00e9ans l&#8217;hiver 2017-2018, Honky Tonk a travers\u00e9 l&#8217;oc\u00e9an Atlantique au printemps 2018. Le projet a continu\u00e9 sa route en passant par les A\u00e7ores, l&#8217;Irlande, la Belgique, la France, la Galice, le Portugal et les \u00eeles Canaries, tout en jouant des concerts dans des festivals ou dans la rue, spontan\u00e9ment. Au printemps 2019, Honky Tonk prend la route de la M\u00e9diterran\u00e9e. Cet \u00e9t\u00e9, le bateau sera \u00e0 sec au chantier Navibois, \u00e0 S\u00e8te, en France, pour quelques r\u00e9parations.\u00a0<\/em><\/p><p><em>Honky Tonk est un projet ouvert, accueillant de nombreux musiciens internationaux. L&#8217;\u00e9quipage musical, compris entre 3 et 8, est constamment en changement. Comme des vagues, il vient puis repart ! Le jazzband \u00e9volu ainsi au fil des destinations et des p\u00e9riodes de l&#8217;ann\u00e9e, toujours en jouant &#8230; du vieux jazz ! Il y a tout de m\u00eame 2 r\u00e9sidents fixes \u00e0 bord du catamaran : Bots, le capitaine et musicien, et Soizic S\u00e9on, illustratrice et coordinatrice d&#8217;\u00e9v\u00e8nements culturels et artistiques.<\/em><\/p><\/div>\n\t\t\t\t<\/div>\n\t\t\t\t<\/div>\n\t\t\t\t\t\t<\/div>\n\t\t\t\t\t<\/div>\n\t\t<\/div>\n\t\t\t\t\t\t\t\t<\/div>\n\t\t\t\t\t<\/div>\n\t\t<\/section>\n\t\t\t\t\t\t<\/div>\n\t\t\t\t\t\t<\/div>\n\t\t\t\t\t<\/div>\n\t\t","protected":false},"excerpt":{"rendered":"<p>Honky Tonk Sail is a project that unites new orleans traditional jazz with sailing. On board a catamaran, a group of musicians travel around by the power of the wind. After touring in the Caribbean Islands and New Orleans in winter 2017-2018, Honky Tonk had crossed the Atlantic Ocean in the spring 2018. Playing festivals<a class=\"moretag\" href=\"https:\/\/honkytonksail.com\/index.php\/project\/\"><span class=\"screen-reader-text\">En savoir plus surProjects<\/span>[&#8230;]<\/a><\/p>\n","protected":false},"author":1,"featured_media":0,"parent":0,"menu_order":0,"comment_status":"closed","ping_status":"closed","template":"template-fullwidth.php","meta":{"spay_email":""},"jetpack_sharing_enabled":true,"jetpack_shortlink":"https:\/\/wp.me\/Pasi3H-5Y","_links":{"self":[{"href":"https:\/\/honkytonksail.com\/index.php\/wp-json\/wp\/v2\/pages\/370"}],"collection":[{"href":"https:\/\/honkytonksail.com\/index.php\/wp-json\/wp\/v2\/pages"}],"about":[{"href":"https:\/\/honkytonksail.com\/index.php\/wp-json\/wp\/v2\/types\/page"}],"author":[{"embeddable":true,"href":"https:\/\/honkytonksail.com\/index.php\/wp-json\/wp\/v2\/users\/1"}],"replies":[{"embeddable":true,"href":"https:\/\/honkytonksail.com\/index.php\/wp-json\/wp\/v2\/comments?post=370"}],"version-history":[{"count":13,"href":"https:\/\/honkytonksail.com\/index.php\/wp-json\/wp\/v2\/pages\/370\/revisions"}],"predecessor-version":[{"id":414,"href":"https:\/\/honkytonksail.com\/index.php\/wp-json\/wp\/v2\/pages\/370\/revisions\/414"}],"wp:attachment":[{"href":"https:\/\/honkytonksail.com\/index.php\/wp-json\/wp\/v2\/media?parent=370"}],"curies":[{"name":"wp","href":"https:\/\/api.w.org\/{rel}","templated":true}]}}