{"id":352,"date":"2019-02-22T20:41:55","date_gmt":"2019-02-22T19:41:55","guid":{"rendered":"https:\/\/honkytonksail.com\/?page_id=352"},"modified":"2022-02-03T18:18:35","modified_gmt":"2022-02-03T17:18:35","slug":"el-hombre-orquesta","status":"publish","type":"page","link":"https:\/\/honkytonksail.com\/index.php\/el-hombre-orquesta\/","title":{"rendered":"El Hombre Orquesta"},"content":{"rendered":"\t\t<div data-elementor-type=\"wp-page\" data-elementor-id=\"352\" class=\"elementor elementor-352\" data-elementor-settings=\"[]\">\n\t\t\t\t\t\t<div class=\"elementor-inner\">\n\t\t\t\t\t\t\t<div class=\"elementor-section-wrap\">\n\t\t\t\t\t\t\t<section class=\"elementor-section elementor-top-section elementor-element elementor-element-bef8b26 elementor-section-boxed elementor-section-height-default elementor-section-height-default\" data-id=\"bef8b26\" data-element_type=\"section\">\n\t\t\t\t\t\t<div class=\"elementor-container elementor-column-gap-default\">\n\t\t\t\t\t\t\t<div class=\"elementor-row\">\n\t\t\t\t\t<div class=\"elementor-column elementor-col-66 elementor-top-column elementor-element elementor-element-c621003\" data-id=\"c621003\" data-element_type=\"column\">\n\t\t\t<div class=\"elementor-column-wrap elementor-element-populated\">\n\t\t\t\t\t\t\t<div class=\"elementor-widget-wrap\">\n\t\t\t\t\t\t<div class=\"elementor-element elementor-element-1cf00e7 elementor-widget elementor-widget-image\" data-id=\"1cf00e7\" data-element_type=\"widget\" data-widget_type=\"image.default\">\n\t\t\t\t<div class=\"elementor-widget-container\">\n\t\t\t\t\t<div class=\"elementor-image\">\n\t\t\t\t\t\t\t\t\t\t<img width=\"730\" height=\"730\" src=\"https:\/\/honkytonksail.com\/wp-content\/uploads\/2019\/02\/el-hombre-orquesta-1024x1024.jpg\" class=\"attachment-large size-large\" alt=\"\" loading=\"lazy\" srcset=\"https:\/\/honkytonksail.com\/wp-content\/uploads\/2019\/02\/el-hombre-orquesta-1024x1024.jpg 1024w, https:\/\/honkytonksail.com\/wp-content\/uploads\/2019\/02\/el-hombre-orquesta-150x150.jpg 150w, https:\/\/honkytonksail.com\/wp-content\/uploads\/2019\/02\/el-hombre-orquesta-300x300.jpg 300w, https:\/\/honkytonksail.com\/wp-content\/uploads\/2019\/02\/el-hombre-orquesta-768x768.jpg 768w, https:\/\/honkytonksail.com\/wp-content\/uploads\/2019\/02\/el-hombre-orquesta.jpg 1200w\" sizes=\"(max-width: 730px) 100vw, 730px\" \/>\t\t\t\t\t\t\t\t\t\t\t<\/div>\n\t\t\t\t<\/div>\n\t\t\t\t<\/div>\n\t\t\t\t\t\t<\/div>\n\t\t\t\t\t<\/div>\n\t\t<\/div>\n\t\t\t\t<div class=\"elementor-column elementor-col-33 elementor-top-column elementor-element elementor-element-b6fca4d\" data-id=\"b6fca4d\" data-element_type=\"column\">\n\t\t\t<div class=\"elementor-column-wrap elementor-element-populated\">\n\t\t\t\t\t\t\t<div class=\"elementor-widget-wrap\">\n\t\t\t\t\t\t<div class=\"elementor-element elementor-element-59547be elementor-widget elementor-widget-text-editor\" data-id=\"59547be\" data-element_type=\"widget\" data-widget_type=\"text-editor.default\">\n\t\t\t\t<div class=\"elementor-widget-container\">\n\t\t\t\t\t<div class=\"elementor-text-editor elementor-clearfix\"><p>Honky Tonk is not always full of jazz musicians ! Sometimes Bots, the captain, produces a full jazz band by himself. All he needs is a trumpet, a tuba, a trombone, a washboard, a guitar and a loop station.<\/p><p>\u2018El Hombre Orquesta\u2019 played his first concerts in 2013, and has sailed many seas and countries aboard the sailboat Mahala.<\/p><p>Listen to his music here : <a href=\"https:\/\/elhombreorquesta.bandcamp.com\">El Hombre Orquesta<\/a><\/p><p>\u00a0<\/p><p><em>Honky tonk n&#8217;est pas toujours rempli de jazzmen \u00e0 ras la coque ! Parfois, Bots, le capitaine, pr\u00e9sente un groupe de jazz \u00e0 lui tout seul. Il a juste besoin d&#8217;une trompette, d&#8217;un tuba, d&#8217;un trombone, d&#8217;une washboard, d&#8217;une guitare et d&#8217;une loopstation. Ce projet musical est n\u00e9 en 2013, et a d\u00e9j\u00e0 parcouru un bon nombre de miles nautiques, dans plusieurs mers et oc\u00e9ans, notamment \u00e0 bord du voilier Mahala.<\/em><\/p><p><em>D\u00e9couvrez ici la musique \u00a0<\/em><em><a href=\"https:\/\/elhombreorquesta.bandcamp.com\">El Hombre Orquesta<\/a><\/em><\/p><\/div>\n\t\t\t\t<\/div>\n\t\t\t\t<\/div>\n\t\t\t\t\t\t<\/div>\n\t\t\t\t\t<\/div>\n\t\t<\/div>\n\t\t\t\t\t\t\t\t<\/div>\n\t\t\t\t\t<\/div>\n\t\t<\/section>\n\t\t\t\t<section class=\"elementor-section elementor-top-section elementor-element elementor-element-1af89fe elementor-section-boxed elementor-section-height-default elementor-section-height-default\" data-id=\"1af89fe\" data-element_type=\"section\">\n\t\t\t\t\t\t<div class=\"elementor-container elementor-column-gap-default\">\n\t\t\t\t\t\t\t<div class=\"elementor-row\">\n\t\t\t\t\t<div class=\"elementor-column elementor-col-50 elementor-top-column elementor-element elementor-element-7950b7b\" data-id=\"7950b7b\" data-element_type=\"column\">\n\t\t\t<div class=\"elementor-column-wrap elementor-element-populated\">\n\t\t\t\t\t\t\t<div class=\"elementor-widget-wrap\">\n\t\t\t\t\t\t<div class=\"elementor-element elementor-element-43e8366 elementor-widget elementor-widget-image\" data-id=\"43e8366\" data-element_type=\"widget\" data-widget_type=\"image.default\">\n\t\t\t\t<div class=\"elementor-widget-container\">\n\t\t\t\t\t<div class=\"elementor-image\">\n\t\t\t\t\t\t\t\t\t\t<img width=\"730\" height=\"557\" src=\"https:\/\/honkytonksail.com\/wp-content\/uploads\/2022\/02\/bots-marseille-honky-tonk-sail-1024x782.jpg\" class=\"attachment-large size-large\" alt=\"\" loading=\"lazy\" srcset=\"https:\/\/honkytonksail.com\/wp-content\/uploads\/2022\/02\/bots-marseille-honky-tonk-sail-1024x782.jpg 1024w, https:\/\/honkytonksail.com\/wp-content\/uploads\/2022\/02\/bots-marseille-honky-tonk-sail-300x229.jpg 300w, https:\/\/honkytonksail.com\/wp-content\/uploads\/2022\/02\/bots-marseille-honky-tonk-sail-768x587.jpg 768w, https:\/\/honkytonksail.com\/wp-content\/uploads\/2022\/02\/bots-marseille-honky-tonk-sail-1536x1173.jpg 1536w, https:\/\/honkytonksail.com\/wp-content\/uploads\/2022\/02\/bots-marseille-honky-tonk-sail.jpg 1922w\" sizes=\"(max-width: 730px) 100vw, 730px\" \/>\t\t\t\t\t\t\t\t\t\t\t<\/div>\n\t\t\t\t<\/div>\n\t\t\t\t<\/div>\n\t\t\t\t\t\t<\/div>\n\t\t\t\t\t<\/div>\n\t\t<\/div>\n\t\t\t\t<div class=\"elementor-column elementor-col-50 elementor-top-column elementor-element elementor-element-8abc95f\" data-id=\"8abc95f\" data-element_type=\"column\">\n\t\t\t<div class=\"elementor-column-wrap elementor-element-populated\">\n\t\t\t\t\t\t\t<div class=\"elementor-widget-wrap\">\n\t\t\t\t\t\t<div class=\"elementor-element elementor-element-2ffab28 elementor-widget elementor-widget-image\" data-id=\"2ffab28\" data-element_type=\"widget\" data-widget_type=\"image.default\">\n\t\t\t\t<div class=\"elementor-widget-container\">\n\t\t\t\t\t<div class=\"elementor-image\">\n\t\t\t\t\t\t\t\t\t\t<img width=\"730\" height=\"487\" src=\"https:\/\/honkytonksail.com\/wp-content\/uploads\/2022\/02\/el-hombre-mucem.jpg\" class=\"attachment-large size-large\" alt=\"\" loading=\"lazy\" srcset=\"https:\/\/honkytonksail.com\/wp-content\/uploads\/2022\/02\/el-hombre-mucem.jpg 960w, https:\/\/honkytonksail.com\/wp-content\/uploads\/2022\/02\/el-hombre-mucem-300x200.jpg 300w, https:\/\/honkytonksail.com\/wp-content\/uploads\/2022\/02\/el-hombre-mucem-768x512.jpg 768w\" sizes=\"(max-width: 730px) 100vw, 730px\" \/>\t\t\t\t\t\t\t\t\t\t\t<\/div>\n\t\t\t\t<\/div>\n\t\t\t\t<\/div>\n\t\t\t\t\t\t<\/div>\n\t\t\t\t\t<\/div>\n\t\t<\/div>\n\t\t\t\t\t\t\t\t<\/div>\n\t\t\t\t\t<\/div>\n\t\t<\/section>\n\t\t\t\t<section class=\"elementor-section elementor-top-section elementor-element elementor-element-af17464 elementor-section-boxed elementor-section-height-default elementor-section-height-default\" data-id=\"af17464\" data-element_type=\"section\">\n\t\t\t\t\t\t<div class=\"elementor-container elementor-column-gap-default\">\n\t\t\t\t\t\t\t<div class=\"elementor-row\">\n\t\t\t\t\t<div class=\"elementor-column elementor-col-100 elementor-top-column elementor-element elementor-element-c51d82e\" data-id=\"c51d82e\" data-element_type=\"column\">\n\t\t\t<div class=\"elementor-column-wrap elementor-element-populated\">\n\t\t\t\t\t\t\t<div class=\"elementor-widget-wrap\">\n\t\t\t\t\t\t<div class=\"elementor-element elementor-element-5da8bdb elementor-aspect-ratio-169 elementor-widget elementor-widget-video\" data-id=\"5da8bdb\" data-element_type=\"widget\" data-settings=\"{&quot;youtube_url&quot;:&quot;https:\\\/\\\/www.youtube.com\\\/watch?v=1tQGavQUVrM&quot;,&quot;autoplay&quot;:&quot;yes&quot;,&quot;video_type&quot;:&quot;youtube&quot;,&quot;controls&quot;:&quot;yes&quot;,&quot;aspect_ratio&quot;:&quot;169&quot;}\" data-widget_type=\"video.default\">\n\t\t\t\t<div class=\"elementor-widget-container\">\n\t\t\t\t\t<div class=\"elementor-wrapper elementor-fit-aspect-ratio elementor-open-inline\">\n\t\t\t<div class=\"elementor-video\"><\/div>\t\t<\/div>\n\t\t\t\t<\/div>\n\t\t\t\t<\/div>\n\t\t\t\t\t\t<\/div>\n\t\t\t\t\t<\/div>\n\t\t<\/div>\n\t\t\t\t\t\t\t\t<\/div>\n\t\t\t\t\t<\/div>\n\t\t<\/section>\n\t\t\t\t\t\t<\/div>\n\t\t\t\t\t\t<\/div>\n\t\t\t\t\t<\/div>\n\t\t","protected":false},"excerpt":{"rendered":"<p>Honky Tonk is not always full of jazz musicians ! Sometimes Bots, the captain, produces a full jazz band by himself. All he needs is a trumpet, a tuba, a trombone, a washboard, a guitar and a loop station. \u2018El Hombre Orquesta\u2019 played his first concerts in 2013, and has sailed many seas and countries<a class=\"moretag\" href=\"https:\/\/honkytonksail.com\/index.php\/el-hombre-orquesta\/\"><span class=\"screen-reader-text\">En savoir plus surEl Hombre Orquesta<\/span>[&#8230;]<\/a><\/p>\n","protected":false},"author":1,"featured_media":0,"parent":0,"menu_order":0,"comment_status":"closed","ping_status":"closed","template":"template-fullwidth.php","meta":{"spay_email":""},"jetpack_sharing_enabled":true,"jetpack_shortlink":"https:\/\/wp.me\/Pasi3H-5G","_links":{"self":[{"href":"https:\/\/honkytonksail.com\/index.php\/wp-json\/wp\/v2\/pages\/352"}],"collection":[{"href":"https:\/\/honkytonksail.com\/index.php\/wp-json\/wp\/v2\/pages"}],"about":[{"href":"https:\/\/honkytonksail.com\/index.php\/wp-json\/wp\/v2\/types\/page"}],"author":[{"embeddable":true,"href":"https:\/\/honkytonksail.com\/index.php\/wp-json\/wp\/v2\/users\/1"}],"replies":[{"embeddable":true,"href":"https:\/\/honkytonksail.com\/index.php\/wp-json\/wp\/v2\/comments?post=352"}],"version-history":[{"count":11,"href":"https:\/\/honkytonksail.com\/index.php\/wp-json\/wp\/v2\/pages\/352\/revisions"}],"predecessor-version":[{"id":1019,"href":"https:\/\/honkytonksail.com\/index.php\/wp-json\/wp\/v2\/pages\/352\/revisions\/1019"}],"wp:attachment":[{"href":"https:\/\/honkytonksail.com\/index.php\/wp-json\/wp\/v2\/media?parent=352"}],"curies":[{"name":"wp","href":"https:\/\/api.w.org\/{rel}","templated":true}]}}