{"id":345,"date":"2019-02-22T20:18:34","date_gmt":"2019-02-22T19:18:34","guid":{"rendered":"https:\/\/honkytonksail.com\/?page_id=345"},"modified":"2019-02-26T10:40:54","modified_gmt":"2019-02-26T09:40:54","slug":"atelier-painting","status":"publish","type":"page","link":"https:\/\/honkytonksail.com\/index.php\/atelier-painting\/","title":{"rendered":"Atelier &#8211; painting"},"content":{"rendered":"\t\t<div data-elementor-type=\"wp-post\" data-elementor-id=\"345\" class=\"elementor elementor-345 elementor-bc-flex-widget\" data-elementor-settings=\"[]\">\n\t\t\t\t\t\t<div class=\"elementor-inner\">\n\t\t\t\t\t\t\t<div class=\"elementor-section-wrap\">\n\t\t\t\t\t\t\t<section class=\"elementor-section elementor-top-section elementor-element elementor-element-949ac1e elementor-section-boxed elementor-section-height-default elementor-section-height-default\" data-id=\"949ac1e\" data-element_type=\"section\">\n\t\t\t\t\t\t<div class=\"elementor-container elementor-column-gap-default\">\n\t\t\t\t\t\t\t<div class=\"elementor-row\">\n\t\t\t\t\t<div class=\"elementor-column elementor-col-66 elementor-top-column elementor-element elementor-element-229dbfd\" data-id=\"229dbfd\" data-element_type=\"column\">\n\t\t\t<div class=\"elementor-column-wrap elementor-element-populated\">\n\t\t\t\t\t\t\t<div class=\"elementor-widget-wrap\">\n\t\t\t\t\t\t<div class=\"elementor-element elementor-element-de37968 elementor-arrows-position-inside elementor-pagination-position-outside elementor-widget elementor-widget-image-carousel\" data-id=\"de37968\" data-element_type=\"widget\" data-settings=\"{&quot;slides_to_show&quot;:&quot;1&quot;,&quot;navigation&quot;:&quot;both&quot;,&quot;autoplay&quot;:&quot;yes&quot;,&quot;pause_on_hover&quot;:&quot;yes&quot;,&quot;pause_on_interaction&quot;:&quot;yes&quot;,&quot;autoplay_speed&quot;:5000,&quot;infinite&quot;:&quot;yes&quot;,&quot;effect&quot;:&quot;slide&quot;,&quot;speed&quot;:500}\" data-widget_type=\"image-carousel.default\">\n\t\t\t\t<div class=\"elementor-widget-container\">\n\t\t\t\t\t<div class=\"elementor-image-carousel-wrapper swiper-container\" dir=\"ltr\">\n\t\t\t<div class=\"elementor-image-carousel swiper-wrapper\">\n\t\t\t\t<div class=\"swiper-slide\"><figure class=\"swiper-slide-inner\"><img class=\"swiper-slide-image\" src=\"https:\/\/honkytonksail.com\/wp-content\/uploads\/2019\/02\/atelier-stephan.jpg\" alt=\"atelier stephan\" \/><\/figure><\/div><div class=\"swiper-slide\"><figure class=\"swiper-slide-inner\"><img class=\"swiper-slide-image\" src=\"https:\/\/honkytonksail.com\/wp-content\/uploads\/2019\/02\/mains-vagues-stephan.jpg\" alt=\"mains vagues stephan\" \/><\/figure><\/div><div class=\"swiper-slide\"><figure class=\"swiper-slide-inner\"><img class=\"swiper-slide-image\" src=\"https:\/\/honkytonksail.com\/wp-content\/uploads\/2019\/02\/Soizic-S\u00e9on.jpg\" alt=\"Soizic S\u00e9on\" \/><\/figure><\/div>\t\t\t<\/div>\n\t\t\t\t\t\t\t\t\t\t\t\t<div class=\"swiper-pagination\"><\/div>\n\t\t\t\t\t\t\t\t\t\t\t\t\t<div class=\"elementor-swiper-button elementor-swiper-button-prev\">\n\t\t\t\t\t\t<i class=\"eicon-chevron-left\" aria-hidden=\"true\"><\/i>\n\t\t\t\t\t\t<span class=\"elementor-screen-only\">Pr\u00e9c\u00e9dent<\/span>\n\t\t\t\t\t<\/div>\n\t\t\t\t\t<div class=\"elementor-swiper-button elementor-swiper-button-next\">\n\t\t\t\t\t\t<i class=\"eicon-chevron-right\" aria-hidden=\"true\"><\/i>\n\t\t\t\t\t\t<span class=\"elementor-screen-only\">Suivant<\/span>\n\t\t\t\t\t<\/div>\n\t\t\t\t\t\t\t\t\t<\/div>\n\t\t\t\t<\/div>\n\t\t\t\t<\/div>\n\t\t\t\t\t\t<\/div>\n\t\t\t\t\t<\/div>\n\t\t<\/div>\n\t\t\t\t<div class=\"elementor-column elementor-col-33 elementor-top-column elementor-element elementor-element-7b4da1d\" data-id=\"7b4da1d\" data-element_type=\"column\">\n\t\t\t<div class=\"elementor-column-wrap elementor-element-populated\">\n\t\t\t\t\t\t\t<div class=\"elementor-widget-wrap\">\n\t\t\t\t\t\t<div class=\"elementor-element elementor-element-2f9b3d0 elementor-widget elementor-widget-text-editor\" data-id=\"2f9b3d0\" data-element_type=\"widget\" data-widget_type=\"text-editor.default\">\n\t\t\t\t<div class=\"elementor-widget-container\">\n\t\t\t\t\t<div class=\"elementor-text-editor elementor-clearfix\"><p><em>Sometimes, Honky Tonk takes on other colours then those of hot jazz.\u00a0<\/em><em>On board in the portside hull, a foldable painting workshop is installed where Soizic S\u00e9on paints and illustrates. On anchor, in a port or even whilst sailing. Inspired by the sea, she creates postcards, travelogues, murals and even portrayed concerts.<\/em><\/p><p><em>Find her work on <a href=\"http:\/\/www.soizicseon.fr\/\" target=\"_blank\" rel=\"noopener\" data-saferedirecturl=\"https:\/\/www.google.com\/url?q=http:\/\/www.soizicseon.fr&amp;source=gmail&amp;ust=1551260020896000&amp;usg=AFQjCNFekvNvCHCK7RCMsa9TH4F53VQvfA\">www.soizicseon.fr<\/a>\u00a0 \u00a0<\/em><\/p><p><em>Photos : Stephan Talneau<\/em><\/p><\/div>\n\t\t\t\t<\/div>\n\t\t\t\t<\/div>\n\t\t\t\t\t\t<\/div>\n\t\t\t\t\t<\/div>\n\t\t<\/div>\n\t\t\t\t\t\t\t\t<\/div>\n\t\t\t\t\t<\/div>\n\t\t<\/section>\n\t\t\t\t<section class=\"elementor-section elementor-top-section elementor-element elementor-element-d7397e6 elementor-section-boxed elementor-section-height-default elementor-section-height-default\" data-id=\"d7397e6\" data-element_type=\"section\">\n\t\t\t\t\t\t<div class=\"elementor-container elementor-column-gap-default\">\n\t\t\t\t\t\t\t<div class=\"elementor-row\">\n\t\t\t\t\t<div class=\"elementor-column elementor-col-100 elementor-top-column elementor-element elementor-element-eb61e73\" data-id=\"eb61e73\" data-element_type=\"column\">\n\t\t\t<div class=\"elementor-column-wrap elementor-element-populated\">\n\t\t\t\t\t\t\t<div class=\"elementor-widget-wrap\">\n\t\t\t\t\t\t<div class=\"elementor-element elementor-element-36450c2 elementor-widget elementor-widget-text-editor\" data-id=\"36450c2\" data-element_type=\"widget\" data-widget_type=\"text-editor.default\">\n\t\t\t\t<div class=\"elementor-widget-container\">\n\t\t\t\t\t<div class=\"elementor-text-editor elementor-clearfix\"><p>Parfois, Honky tonk prend d&#8217;autres couleurs que celles du vieux jazz.\u00a0\u00c0 bord du voilier, dans une des coques, un petit atelier pliable est install\u00e9. La peintre et illustratrice Soizic S\u00e9on travaille ici, en mer, au port ou au mouillage. Des cartes postales au carnets de voyage en passant par des fresques\u00a0ou des concerts dessin\u00e9s, la dessinatrice ne trouve pas de limite \u00e0 sa source d&#8217;inspiration principale : la mer. \u00a0<\/p><p>Les dessins sur <a href=\"https:\/\/soizicseon.fr\">www.soizicseon.fr. \u00a0\u00a0\u00a0<\/a>\/\/ \u00a0 \u00a0Photos de l&#8217;atelier : Stephan Talneau<\/p><\/div>\n\t\t\t\t<\/div>\n\t\t\t\t<\/div>\n\t\t\t\t\t\t<\/div>\n\t\t\t\t\t<\/div>\n\t\t<\/div>\n\t\t\t\t\t\t\t\t<\/div>\n\t\t\t\t\t<\/div>\n\t\t<\/section>\n\t\t\t\t<section class=\"elementor-section elementor-top-section elementor-element elementor-element-bf80a79 elementor-section-boxed elementor-section-height-default elementor-section-height-default\" data-id=\"bf80a79\" data-element_type=\"section\">\n\t\t\t\t\t\t<div class=\"elementor-container elementor-column-gap-default\">\n\t\t\t\t\t\t\t<div class=\"elementor-row\">\n\t\t\t\t\t<div class=\"elementor-column elementor-col-100 elementor-top-column elementor-element elementor-element-17313f4\" data-id=\"17313f4\" data-element_type=\"column\">\n\t\t\t<div class=\"elementor-column-wrap elementor-element-populated\">\n\t\t\t\t\t\t\t<div class=\"elementor-widget-wrap\">\n\t\t\t\t\t\t<div class=\"elementor-element elementor-element-a3f016b elementor-widget elementor-widget-image-gallery\" data-id=\"a3f016b\" data-element_type=\"widget\" data-widget_type=\"image-gallery.default\">\n\t\t\t\t<div class=\"elementor-widget-container\">\n\t\t\t\t\t<div class=\"elementor-image-gallery\">\n\t\t\t<div id='gallery-1' class='gallery galleryid-345 gallery-columns-2 gallery-size-llorix-one-lite-post-thumbnail-big'><figure class='gallery-item'>\n\t\t\t<div class='gallery-icon portrait'>\n\t\t\t\t<a data-elementor-open-lightbox=\"yes\" data-elementor-lightbox-slideshow=\"a3f016b\" data-elementor-lightbox-title=\"Renard en hiver\" href='https:\/\/honkytonksail.com\/wp-content\/uploads\/2019\/02\/recto-post-card-RENARD.jpg'><img width=\"730\" height=\"340\" src=\"https:\/\/honkytonksail.com\/wp-content\/uploads\/2019\/02\/recto-post-card-RENARD-730x340.jpg\" class=\"attachment-llorix-one-lite-post-thumbnail-big size-llorix-one-lite-post-thumbnail-big\" alt=\"\" loading=\"lazy\" srcset=\"https:\/\/honkytonksail.com\/wp-content\/uploads\/2019\/02\/recto-post-card-RENARD-730x340.jpg 730w, https:\/\/honkytonksail.com\/wp-content\/uploads\/2019\/02\/recto-post-card-RENARD-500x233.jpg 500w\" sizes=\"(max-width: 730px) 100vw, 730px\" \/><\/a>\n\t\t\t<\/div><\/figure><figure class='gallery-item'>\n\t\t\t<div class='gallery-icon landscape'>\n\t\t\t\t<a data-elementor-open-lightbox=\"yes\" data-elementor-lightbox-slideshow=\"a3f016b\" data-elementor-lightbox-title=\"Cargo au loin - encre de chine - aquarelle\" href='https:\/\/honkytonksail.com\/wp-content\/uploads\/2019\/02\/cargo-small.jpg'><img width=\"730\" height=\"340\" src=\"https:\/\/honkytonksail.com\/wp-content\/uploads\/2019\/02\/cargo-small-730x340.jpg\" class=\"attachment-llorix-one-lite-post-thumbnail-big size-llorix-one-lite-post-thumbnail-big\" alt=\"\" loading=\"lazy\" srcset=\"https:\/\/honkytonksail.com\/wp-content\/uploads\/2019\/02\/cargo-small-730x340.jpg 730w, https:\/\/honkytonksail.com\/wp-content\/uploads\/2019\/02\/cargo-small-500x233.jpg 500w\" sizes=\"(max-width: 730px) 100vw, 730px\" \/><\/a>\n\t\t\t<\/div><\/figure><figure class='gallery-item'>\n\t\t\t<div class='gallery-icon portrait'>\n\t\t\t\t<a data-elementor-open-lightbox=\"yes\" data-elementor-lightbox-slideshow=\"a3f016b\" data-elementor-lightbox-title=\"Renard luthier\" href='https:\/\/honkytonksail.com\/wp-content\/uploads\/2019\/02\/Renard-luthier.jpg'><img width=\"730\" height=\"340\" src=\"https:\/\/honkytonksail.com\/wp-content\/uploads\/2019\/02\/Renard-luthier-730x340.jpg\" class=\"attachment-llorix-one-lite-post-thumbnail-big size-llorix-one-lite-post-thumbnail-big\" alt=\"\" loading=\"lazy\" srcset=\"https:\/\/honkytonksail.com\/wp-content\/uploads\/2019\/02\/Renard-luthier-730x340.jpg 730w, https:\/\/honkytonksail.com\/wp-content\/uploads\/2019\/02\/Renard-luthier-500x233.jpg 500w\" sizes=\"(max-width: 730px) 100vw, 730px\" \/><\/a>\n\t\t\t<\/div><\/figure><figure class='gallery-item'>\n\t\t\t<div class='gallery-icon portrait'>\n\t\t\t\t<a data-elementor-open-lightbox=\"yes\" data-elementor-lightbox-slideshow=\"a3f016b\" data-elementor-lightbox-title=\"Nouveau depart - A\u00e7ores\" href='https:\/\/honkytonksail.com\/wp-content\/uploads\/2019\/02\/Nouveau-depart.jpg'><img width=\"730\" height=\"340\" src=\"https:\/\/honkytonksail.com\/wp-content\/uploads\/2019\/02\/Nouveau-depart-730x340.jpg\" class=\"attachment-llorix-one-lite-post-thumbnail-big size-llorix-one-lite-post-thumbnail-big\" alt=\"\" loading=\"lazy\" srcset=\"https:\/\/honkytonksail.com\/wp-content\/uploads\/2019\/02\/Nouveau-depart-730x340.jpg 730w, https:\/\/honkytonksail.com\/wp-content\/uploads\/2019\/02\/Nouveau-depart-500x233.jpg 500w\" sizes=\"(max-width: 730px) 100vw, 730px\" \/><\/a>\n\t\t\t<\/div><\/figure><figure class='gallery-item'>\n\t\t\t<div class='gallery-icon landscape'>\n\t\t\t\t<a data-elementor-open-lightbox=\"yes\" data-elementor-lightbox-slideshow=\"a3f016b\" data-elementor-lightbox-title=\"Bots aux Canaries\" href='https:\/\/honkytonksail.com\/wp-content\/uploads\/2019\/02\/Bots-bd.jpg'><img width=\"730\" height=\"340\" src=\"https:\/\/honkytonksail.com\/wp-content\/uploads\/2019\/02\/Bots-bd-730x340.jpg\" class=\"attachment-llorix-one-lite-post-thumbnail-big size-llorix-one-lite-post-thumbnail-big\" alt=\"\" loading=\"lazy\" srcset=\"https:\/\/honkytonksail.com\/wp-content\/uploads\/2019\/02\/Bots-bd-730x340.jpg 730w, https:\/\/honkytonksail.com\/wp-content\/uploads\/2019\/02\/Bots-bd-500x233.jpg 500w\" sizes=\"(max-width: 730px) 100vw, 730px\" \/><\/a>\n\t\t\t<\/div><\/figure><figure class='gallery-item'>\n\t\t\t<div class='gallery-icon portrait'>\n\t\t\t\t<a data-elementor-open-lightbox=\"yes\" data-elementor-lightbox-slideshow=\"a3f016b\" data-elementor-lightbox-title=\"Thibault en cuisine\" href='https:\/\/honkytonksail.com\/wp-content\/uploads\/2019\/02\/Tigre-cuisine.jpg'><img width=\"730\" height=\"340\" src=\"https:\/\/honkytonksail.com\/wp-content\/uploads\/2019\/02\/Tigre-cuisine-730x340.jpg\" class=\"attachment-llorix-one-lite-post-thumbnail-big size-llorix-one-lite-post-thumbnail-big\" alt=\"\" loading=\"lazy\" srcset=\"https:\/\/honkytonksail.com\/wp-content\/uploads\/2019\/02\/Tigre-cuisine-730x340.jpg 730w, https:\/\/honkytonksail.com\/wp-content\/uploads\/2019\/02\/Tigre-cuisine-500x233.jpg 500w\" sizes=\"(max-width: 730px) 100vw, 730px\" \/><\/a>\n\t\t\t<\/div><\/figure><figure class='gallery-item'>\n\t\t\t<div class='gallery-icon landscape'>\n\t\t\t\t<a data-elementor-open-lightbox=\"yes\" data-elementor-lightbox-slideshow=\"a3f016b\" data-elementor-lightbox-title=\"Les 5 voiliers de festina lente\" href='https:\/\/honkytonksail.com\/wp-content\/uploads\/2019\/02\/5-voiliers-festina-lente.jpg'><img width=\"730\" height=\"340\" src=\"https:\/\/honkytonksail.com\/wp-content\/uploads\/2019\/02\/5-voiliers-festina-lente-730x340.jpg\" class=\"attachment-llorix-one-lite-post-thumbnail-big size-llorix-one-lite-post-thumbnail-big\" alt=\"\" loading=\"lazy\" srcset=\"https:\/\/honkytonksail.com\/wp-content\/uploads\/2019\/02\/5-voiliers-festina-lente-730x340.jpg 730w, https:\/\/honkytonksail.com\/wp-content\/uploads\/2019\/02\/5-voiliers-festina-lente-500x233.jpg 500w\" sizes=\"(max-width: 730px) 100vw, 730px\" \/><\/a>\n\t\t\t<\/div><\/figure><figure class='gallery-item'>\n\t\t\t<div class='gallery-icon portrait'>\n\t\t\t\t<a data-elementor-open-lightbox=\"yes\" data-elementor-lightbox-slideshow=\"a3f016b\" data-elementor-lightbox-title=\"En voyage\" href='https:\/\/honkytonksail.com\/wp-content\/uploads\/2019\/02\/Voilier-monkey-ld.png'><img width=\"730\" height=\"340\" src=\"https:\/\/honkytonksail.com\/wp-content\/uploads\/2019\/02\/Voilier-monkey-ld-730x340.png\" class=\"attachment-llorix-one-lite-post-thumbnail-big size-llorix-one-lite-post-thumbnail-big\" alt=\"\" loading=\"lazy\" srcset=\"https:\/\/honkytonksail.com\/wp-content\/uploads\/2019\/02\/Voilier-monkey-ld-730x340.png 730w, https:\/\/honkytonksail.com\/wp-content\/uploads\/2019\/02\/Voilier-monkey-ld-500x233.png 500w\" sizes=\"(max-width: 730px) 100vw, 730px\" \/><\/a>\n\t\t\t<\/div><\/figure><figure class='gallery-item'>\n\t\t\t<div class='gallery-icon portrait'>\n\t\t\t\t<a data-elementor-open-lightbox=\"yes\" data-elementor-lightbox-slideshow=\"a3f016b\" data-elementor-lightbox-title=\"Ptit air\" href='https:\/\/honkytonksail.com\/wp-content\/uploads\/2019\/02\/Capture-d\u2019\u00e9cran-2018-04-16-\u00e0-11.20.49.jpg'><img width=\"730\" height=\"340\" src=\"https:\/\/honkytonksail.com\/wp-content\/uploads\/2019\/02\/Capture-d\u2019\u00e9cran-2018-04-16-\u00e0-11.20.49-730x340.jpg\" class=\"attachment-llorix-one-lite-post-thumbnail-big size-llorix-one-lite-post-thumbnail-big\" alt=\"\" loading=\"lazy\" srcset=\"https:\/\/honkytonksail.com\/wp-content\/uploads\/2019\/02\/Capture-d\u2019\u00e9cran-2018-04-16-\u00e0-11.20.49-730x340.jpg 730w, https:\/\/honkytonksail.com\/wp-content\/uploads\/2019\/02\/Capture-d\u2019\u00e9cran-2018-04-16-\u00e0-11.20.49-500x233.jpg 500w\" sizes=\"(max-width: 730px) 100vw, 730px\" \/><\/a>\n\t\t\t<\/div><\/figure><figure class='gallery-item'>\n\t\t\t<div class='gallery-icon landscape'>\n\t\t\t\t<a data-elementor-open-lightbox=\"yes\" data-elementor-lightbox-slideshow=\"a3f016b\" data-elementor-lightbox-title=\"Et apr\u00e8s ?\" href='https:\/\/honkytonksail.com\/wp-content\/uploads\/2019\/02\/Et-apr\u00e8s-bd.jpg'><img width=\"730\" height=\"340\" src=\"https:\/\/honkytonksail.com\/wp-content\/uploads\/2019\/02\/Et-apr\u00e8s-bd-730x340.jpg\" class=\"attachment-llorix-one-lite-post-thumbnail-big size-llorix-one-lite-post-thumbnail-big\" alt=\"\" loading=\"lazy\" srcset=\"https:\/\/honkytonksail.com\/wp-content\/uploads\/2019\/02\/Et-apr\u00e8s-bd-730x340.jpg 730w, https:\/\/honkytonksail.com\/wp-content\/uploads\/2019\/02\/Et-apr\u00e8s-bd-500x233.jpg 500w\" sizes=\"(max-width: 730px) 100vw, 730px\" \/><\/a>\n\t\t\t<\/div><\/figure>\n\t\t<\/div>\n\t\t<\/div>\n\t\t\t\t<\/div>\n\t\t\t\t<\/div>\n\t\t\t\t\t\t<\/div>\n\t\t\t\t\t<\/div>\n\t\t<\/div>\n\t\t\t\t\t\t\t\t<\/div>\n\t\t\t\t\t<\/div>\n\t\t<\/section>\n\t\t\t\t\t\t<\/div>\n\t\t\t\t\t\t<\/div>\n\t\t\t\t\t<\/div>\n\t\t","protected":false},"excerpt":{"rendered":"<p>Sometimes, Honky Tonk takes on other colours then those of hot jazz.\u00a0On board in the portside hull, a foldable painting workshop is installed where Soizic S\u00e9on paints and illustrates. On anchor, in a port or even whilst sailing. Inspired by the sea, she creates postcards, travelogues, murals and even portrayed concerts. Find her work on<a class=\"moretag\" href=\"https:\/\/honkytonksail.com\/index.php\/atelier-painting\/\"><span class=\"screen-reader-text\">En savoir plus surAtelier &#8211; painting<\/span>[&#8230;]<\/a><\/p>\n","protected":false},"author":1,"featured_media":0,"parent":0,"menu_order":0,"comment_status":"closed","ping_status":"closed","template":"template-fullwidth.php","meta":{"spay_email":""},"jetpack_sharing_enabled":true,"jetpack_shortlink":"https:\/\/wp.me\/Pasi3H-5z","_links":{"self":[{"href":"https:\/\/honkytonksail.com\/index.php\/wp-json\/wp\/v2\/pages\/345"}],"collection":[{"href":"https:\/\/honkytonksail.com\/index.php\/wp-json\/wp\/v2\/pages"}],"about":[{"href":"https:\/\/honkytonksail.com\/index.php\/wp-json\/wp\/v2\/types\/page"}],"author":[{"embeddable":true,"href":"https:\/\/honkytonksail.com\/index.php\/wp-json\/wp\/v2\/users\/1"}],"replies":[{"embeddable":true,"href":"https:\/\/honkytonksail.com\/index.php\/wp-json\/wp\/v2\/comments?post=345"}],"version-history":[{"count":7,"href":"https:\/\/honkytonksail.com\/index.php\/wp-json\/wp\/v2\/pages\/345\/revisions"}],"predecessor-version":[{"id":436,"href":"https:\/\/honkytonksail.com\/index.php\/wp-json\/wp\/v2\/pages\/345\/revisions\/436"}],"wp:attachment":[{"href":"https:\/\/honkytonksail.com\/index.php\/wp-json\/wp\/v2\/media?parent=345"}],"curies":[{"name":"wp","href":"https:\/\/api.w.org\/{rel}","templated":true}]}}