{"id":259,"date":"2018-11-06T17:22:52","date_gmt":"2018-11-06T16:22:52","guid":{"rendered":"https:\/\/honkytonksail.com\/?page_id=259"},"modified":"2022-02-03T18:40:11","modified_gmt":"2022-02-03T17:40:11","slug":"the-boat-2","status":"publish","type":"page","link":"https:\/\/honkytonksail.com\/index.php\/the-boat-2\/","title":{"rendered":"The boat"},"content":{"rendered":"\t\t<div data-elementor-type=\"wp-post\" data-elementor-id=\"259\" class=\"elementor elementor-259\" data-elementor-settings=\"[]\">\n\t\t\t\t\t\t<div class=\"elementor-inner\">\n\t\t\t\t\t\t\t<div class=\"elementor-section-wrap\">\n\t\t\t\t\t\t\t<section class=\"elementor-section elementor-top-section elementor-element elementor-element-f651b3d elementor-section-boxed elementor-section-height-default elementor-section-height-default\" data-id=\"f651b3d\" data-element_type=\"section\">\n\t\t\t\t\t\t<div class=\"elementor-container elementor-column-gap-default\">\n\t\t\t\t\t\t\t<div class=\"elementor-row\">\n\t\t\t\t\t<div class=\"elementor-column elementor-col-66 elementor-top-column elementor-element elementor-element-8a144e7\" data-id=\"8a144e7\" data-element_type=\"column\">\n\t\t\t<div class=\"elementor-column-wrap elementor-element-populated\">\n\t\t\t\t\t\t\t<div class=\"elementor-widget-wrap\">\n\t\t\t\t\t\t<div class=\"elementor-element elementor-element-179e8aa elementor-arrows-position-inside elementor-pagination-position-outside elementor-widget elementor-widget-image-carousel\" data-id=\"179e8aa\" data-element_type=\"widget\" data-settings=\"{&quot;slides_to_show&quot;:&quot;1&quot;,&quot;navigation&quot;:&quot;both&quot;,&quot;autoplay&quot;:&quot;yes&quot;,&quot;pause_on_hover&quot;:&quot;yes&quot;,&quot;pause_on_interaction&quot;:&quot;yes&quot;,&quot;autoplay_speed&quot;:5000,&quot;infinite&quot;:&quot;yes&quot;,&quot;effect&quot;:&quot;slide&quot;,&quot;speed&quot;:500}\" data-widget_type=\"image-carousel.default\">\n\t\t\t\t<div class=\"elementor-widget-container\">\n\t\t\t\t\t<div class=\"elementor-image-carousel-wrapper swiper-container\" dir=\"ltr\">\n\t\t\t<div class=\"elementor-image-carousel swiper-wrapper\">\n\t\t\t\t<div class=\"swiper-slide\"><figure class=\"swiper-slide-inner\"><img class=\"swiper-slide-image\" src=\"https:\/\/honkytonksail.com\/wp-content\/uploads\/2021\/12\/Honky-tonk-Kai-2021.jpg\" alt=\"Honky tonk sous voiles - photo: Ka\u00ef - 2021\" \/><figcaption class=\"elementor-image-carousel-caption\">Honky tonk sous voiles - photo: Ka\u00ef - 2021<\/figcaption><\/figure><\/div><div class=\"swiper-slide\"><figure class=\"swiper-slide-inner\"><img class=\"swiper-slide-image\" src=\"https:\/\/honkytonksail.com\/wp-content\/uploads\/2020\/03\/Plan-Honky-tonk.jpg\" alt=\"plan de l&#039;int\u00e9rieur de Honky tonk\" \/><figcaption class=\"elementor-image-carousel-caption\">plan de l'int\u00e9rieur de Honky tonk<\/figcaption><\/figure><\/div><div class=\"swiper-slide\"><figure class=\"swiper-slide-inner\"><img class=\"swiper-slide-image\" src=\"https:\/\/honkytonksail.com\/wp-content\/uploads\/2018\/09\/201804-Kagou-Flying-Boat-c-Shams-for-Big-Kids-Cartel-001.jpg\" alt=\"Honky tonk avec son ancienne couleur, en Martinique - picture : Sham Adrien Nisan\" \/><figcaption class=\"elementor-image-carousel-caption\">Honky tonk avec son ancienne couleur, en Martinique - picture : Sham Adrien Nisan<\/figcaption><\/figure><\/div><div class=\"swiper-slide\"><figure class=\"swiper-slide-inner\"><img class=\"swiper-slide-image\" src=\"https:\/\/honkytonksail.com\/wp-content\/uploads\/2021\/12\/echou-st-sulliac.jpg\" alt=\"Le bateau \u00e9chou\u00e9 pour un concert \u00e0 St Sulliac\" \/><figcaption class=\"elementor-image-carousel-caption\">Le bateau \u00e9chou\u00e9 pour un concert \u00e0 St Sulliac<\/figcaption><\/figure><\/div><div class=\"swiper-slide\"><figure class=\"swiper-slide-inner\"><img class=\"swiper-slide-image\" src=\"https:\/\/honkytonksail.com\/wp-content\/uploads\/2021\/12\/carre\u0301-honky.jpg\" alt=\"Le carr\u00e9 confortable de Honky tonk, en mode atelier pour cette travers\u00e9e\" \/><figcaption class=\"elementor-image-carousel-caption\">Le carr\u00e9 confortable de Honky tonk, en mode atelier pour cette travers\u00e9e<\/figcaption><\/figure><\/div><div class=\"swiper-slide\"><figure class=\"swiper-slide-inner\"><img class=\"swiper-slide-image\" src=\"https:\/\/honkytonksail.com\/wp-content\/uploads\/2021\/12\/maud-veith-cap-vert-honky.jpg\" alt=\"Dans la baie de Tarrafal de Santiago, Cap-vert - photo: Maud Veith\" \/><figcaption class=\"elementor-image-carousel-caption\">Dans la baie de Tarrafal de Santiago, Cap-vert - photo: Maud Veith<\/figcaption><\/figure><\/div>\t\t\t<\/div>\n\t\t\t\t\t\t\t\t\t\t\t\t<div class=\"swiper-pagination\"><\/div>\n\t\t\t\t\t\t\t\t\t\t\t\t\t<div class=\"elementor-swiper-button elementor-swiper-button-prev\">\n\t\t\t\t\t\t<i class=\"eicon-chevron-left\" aria-hidden=\"true\"><\/i>\n\t\t\t\t\t\t<span class=\"elementor-screen-only\">Pr\u00e9c\u00e9dent<\/span>\n\t\t\t\t\t<\/div>\n\t\t\t\t\t<div class=\"elementor-swiper-button elementor-swiper-button-next\">\n\t\t\t\t\t\t<i class=\"eicon-chevron-right\" aria-hidden=\"true\"><\/i>\n\t\t\t\t\t\t<span class=\"elementor-screen-only\">Suivant<\/span>\n\t\t\t\t\t<\/div>\n\t\t\t\t\t\t\t\t\t<\/div>\n\t\t\t\t<\/div>\n\t\t\t\t<\/div>\n\t\t\t\t\t\t<\/div>\n\t\t\t\t\t<\/div>\n\t\t<\/div>\n\t\t\t\t<div class=\"elementor-column elementor-col-33 elementor-top-column elementor-element elementor-element-3fed6f8\" data-id=\"3fed6f8\" data-element_type=\"column\">\n\t\t\t<div class=\"elementor-column-wrap elementor-element-populated\">\n\t\t\t\t\t\t\t<div class=\"elementor-widget-wrap\">\n\t\t\t\t\t\t<div class=\"elementor-element elementor-element-6b6c292 elementor-widget elementor-widget-text-editor\" data-id=\"6b6c292\" data-element_type=\"widget\" data-widget_type=\"text-editor.default\">\n\t\t\t\t<div class=\"elementor-widget-container\">\n\t\t\t\t\t<div class=\"elementor-text-editor elementor-clearfix\"><p>Honky Tonk is a 42 foot sailing catamaran, model Punch 12.5 built in 2003 in Martinique by the boatyard Multicap Caraibes.<\/p><p>Designed by Mortain &#8211; Mavrikios and constructed out of plywood epoxy.<\/p><p>dim : 12.7m x 6.4m x 1.2m<\/p><p>tonnage : 9 t<\/p><p>sail area : 80m2<\/p><p>cabins : 4 \u00a0\/ \u00a0beds : 2 double, 6 single<\/p><p>water : 600L \u00a0 \/ \u00a0diesel : 160L<\/p><p>\u00a0<\/p><\/div>\n\t\t\t\t<\/div>\n\t\t\t\t<\/div>\n\t\t\t\t\t\t<\/div>\n\t\t\t\t\t<\/div>\n\t\t<\/div>\n\t\t\t\t\t\t\t\t<\/div>\n\t\t\t\t\t<\/div>\n\t\t<\/section>\n\t\t\t\t<section class=\"elementor-section elementor-top-section elementor-element elementor-element-13561e0 elementor-section-boxed elementor-section-height-default elementor-section-height-default\" data-id=\"13561e0\" data-element_type=\"section\">\n\t\t\t\t\t\t<div class=\"elementor-container elementor-column-gap-default\">\n\t\t\t\t\t\t\t<div class=\"elementor-row\">\n\t\t\t\t\t<div class=\"elementor-column elementor-col-100 elementor-top-column elementor-element elementor-element-dbaf9ac\" data-id=\"dbaf9ac\" data-element_type=\"column\">\n\t\t\t<div class=\"elementor-column-wrap elementor-element-populated\">\n\t\t\t\t\t\t\t<div class=\"elementor-widget-wrap\">\n\t\t\t\t\t\t<div class=\"elementor-element elementor-element-d13cee4 elementor-widget elementor-widget-text-editor\" data-id=\"d13cee4\" data-element_type=\"widget\" data-widget_type=\"text-editor.default\">\n\t\t\t\t<div class=\"elementor-widget-container\">\n\t\t\t\t\t<div class=\"elementor-text-editor elementor-clearfix\"><p align=\"LEFT\"><span style=\"color: #1c1e21;\"><span style=\"font-family: tahoma, sans-serif;\">H<\/span><\/span><span style=\"color: #1c1e21;\"><span style=\"font-family: tahoma, sans-serif;\">on<\/span><\/span><span style=\"color: #1c1e21;\"><span style=\"font-family: tahoma, sans-serif;\">ky Tonk est un Punch 12.5, construit en 2003 en Martinique au chantier &#8211; qui n&#8217;existe plus &#8211; Multicap Cara\u00efbes. Il a \u00e9t\u00e9 dessin\u00e9 par Mortain &#8211; Mavrikios et est en contreplaqu\u00e9-epoxy sapelli-okoum\u00e9. On peut trouver une trentaine de Punch dans le monde, tous construits en Martinique. C&#8217;est un bateau qui est fait pour les climats chauds : il n&#8217;est pas isol\u00e9 et pr\u00e9sente un grand espace ext\u00e9rieur.\u00a0<\/span><\/span><\/p><p align=\"LEFT\"><span style=\"color: #1c1e21;\"><span style=\"font-family: tahoma, sans-serif;\"> Honky tonk est un catamaran de<\/span><\/span> <span style=\"color: #1c1e21;\"><span style=\"font-family: tahoma, sans-serif;\"><span style=\"font-size: medium;\">12,5m de long et 6,40m de large. Il p\u00e8se 9 tonnes \u00e0 vide et a deux reservoirs d&#8217;eau de 300L chacun et deux r\u00e9servoirs \u00e0 gasoil de 80L chacun. Nous avons 80m2 de voilure de pr\u00e8s et un spi de 120m2. Il y a \u00e0 bord 2 cabines doubles et deux cabines de trois couchages simples, 1 toilette\/salle de bain, une douche froide \u00e0 l&#8217;ext\u00e9rieur pour se rincer\/se savonner \u00e0 l&#8217;eau douce.<\/span><\/span><\/span><\/p><p align=\"LEFT\"><span style=\"color: #1c1e21;\"><span style=\"font-family: tahoma, sans-serif;\"><span style=\"font-size: medium;\">Il poss\u00e8de \u00e9galement un grand carr\u00e9 int\u00e9rieur et un <\/span><\/span><\/span><span style=\"color: #1c1e21;\"><span style=\"font-family: tahoma, sans-serif;\"><span style=\"font-size: medium;\">cockpit <\/span><\/span><\/span><span style=\"color: #1c1e21;\"><span style=\"font-family: tahoma, sans-serif;\"><span style=\"font-size: medium;\">ext\u00e9rieur (grande table, banquettes). <\/span><\/span><\/span><span style=\"color: #1c1e21;\"><span style=\"font-family: tahoma, sans-serif;\"><span style=\"font-size: medium;\">Il y a \u00e0 bord un petit frigo et un petit four mais pas d&#8217;eau chaude. L&#8217;\u00e9lectricit\u00e9 \u00e0 bord est fournie par des panneaux solaires. <\/span><\/span><\/span><span style=\"color: #1c1e21;\"><span style=\"font-family: tahoma, sans-serif;\"><span style=\"font-size: medium;\">Il est facile de charger les appareils en 12V (t\u00e9l\u00e9phones portables, frontales, appareil photo&#8230;), et nous mettons en route de temps en temps le 220V, selon le taux d&#8217;ensoleillement. <\/span><\/span><\/span><\/p><p align=\"LEFT\"><span style=\"color: #1c1e21;\"><span style=\"font-family: tahoma, sans-serif;\"><span style=\"font-size: medium;\">\u00c0 bord, nous naviguons \u00e0 la voile. Il faut vraiment qu&#8217;une urgence nous appelle pour que nous allumions les moteurs en dehors du port. \u00a0<\/span><\/span><\/span><\/p><\/div>\n\t\t\t\t<\/div>\n\t\t\t\t<\/div>\n\t\t\t\t\t\t<\/div>\n\t\t\t\t\t<\/div>\n\t\t<\/div>\n\t\t\t\t\t\t\t\t<\/div>\n\t\t\t\t\t<\/div>\n\t\t<\/section>\n\t\t\t\t<section class=\"elementor-section elementor-top-section elementor-element elementor-element-310f6b6 elementor-section-boxed elementor-section-height-default elementor-section-height-default\" data-id=\"310f6b6\" data-element_type=\"section\">\n\t\t\t\t\t\t<div class=\"elementor-container elementor-column-gap-default\">\n\t\t\t\t\t\t\t<div class=\"elementor-row\">\n\t\t\t\t\t<div class=\"elementor-column elementor-col-25 elementor-top-column elementor-element elementor-element-97193f5\" data-id=\"97193f5\" data-element_type=\"column\">\n\t\t\t<div class=\"elementor-column-wrap\">\n\t\t\t\t\t\t\t<div class=\"elementor-widget-wrap\">\n\t\t\t\t\t\t\t\t<\/div>\n\t\t\t\t\t<\/div>\n\t\t<\/div>\n\t\t\t\t<div class=\"elementor-column elementor-col-50 elementor-top-column elementor-element elementor-element-9607119\" data-id=\"9607119\" data-element_type=\"column\">\n\t\t\t<div class=\"elementor-column-wrap elementor-element-populated\">\n\t\t\t\t\t\t\t<div class=\"elementor-widget-wrap\">\n\t\t\t\t\t\t<div class=\"elementor-element elementor-element-82bfee7 elementor-widget elementor-widget-image\" data-id=\"82bfee7\" data-element_type=\"widget\" data-widget_type=\"image.default\">\n\t\t\t\t<div class=\"elementor-widget-container\">\n\t\t\t\t\t<div class=\"elementor-image\">\n\t\t\t\t\t\t\t\t\t\t<img width=\"730\" height=\"528\" src=\"https:\/\/honkytonksail.com\/wp-content\/uploads\/2020\/03\/Plan-Honky-tonk-1024x740.jpg\" class=\"attachment-large size-large\" alt=\"\" loading=\"lazy\" srcset=\"https:\/\/honkytonksail.com\/wp-content\/uploads\/2020\/03\/Plan-Honky-tonk-1024x740.jpg 1024w, https:\/\/honkytonksail.com\/wp-content\/uploads\/2020\/03\/Plan-Honky-tonk-300x217.jpg 300w, https:\/\/honkytonksail.com\/wp-content\/uploads\/2020\/03\/Plan-Honky-tonk-768x555.jpg 768w\" sizes=\"(max-width: 730px) 100vw, 730px\" \/>\t\t\t\t\t\t\t\t\t\t\t<\/div>\n\t\t\t\t<\/div>\n\t\t\t\t<\/div>\n\t\t\t\t\t\t<\/div>\n\t\t\t\t\t<\/div>\n\t\t<\/div>\n\t\t\t\t<div class=\"elementor-column elementor-col-25 elementor-top-column elementor-element elementor-element-d5c2189\" data-id=\"d5c2189\" data-element_type=\"column\">\n\t\t\t<div class=\"elementor-column-wrap\">\n\t\t\t\t\t\t\t<div class=\"elementor-widget-wrap\">\n\t\t\t\t\t\t\t\t<\/div>\n\t\t\t\t\t<\/div>\n\t\t<\/div>\n\t\t\t\t\t\t\t\t<\/div>\n\t\t\t\t\t<\/div>\n\t\t<\/section>\n\t\t\t\t<section class=\"elementor-section elementor-top-section elementor-element elementor-element-441500a elementor-section-boxed elementor-section-height-default elementor-section-height-default\" data-id=\"441500a\" data-element_type=\"section\">\n\t\t\t\t\t\t<div class=\"elementor-container elementor-column-gap-default\">\n\t\t\t\t\t\t\t<div class=\"elementor-row\">\n\t\t\t\t\t<div class=\"elementor-column elementor-col-100 elementor-top-column elementor-element elementor-element-394d2fa\" data-id=\"394d2fa\" data-element_type=\"column\">\n\t\t\t<div class=\"elementor-column-wrap elementor-element-populated\">\n\t\t\t\t\t\t\t<div class=\"elementor-widget-wrap\">\n\t\t\t\t\t\t<div class=\"elementor-element elementor-element-45f1bc1 elementor-widget elementor-widget-image\" data-id=\"45f1bc1\" data-element_type=\"widget\" data-widget_type=\"image.default\">\n\t\t\t\t<div class=\"elementor-widget-container\">\n\t\t\t\t\t<div class=\"elementor-image\">\n\t\t\t\t\t\t\t\t\t\t<img width=\"730\" height=\"365\" src=\"https:\/\/honkytonksail.com\/wp-content\/uploads\/2022\/02\/honky-tonk-plan-coupe-1024x512.jpg\" class=\"attachment-large size-large\" alt=\"\" loading=\"lazy\" srcset=\"https:\/\/honkytonksail.com\/wp-content\/uploads\/2022\/02\/honky-tonk-plan-coupe-1024x512.jpg 1024w, https:\/\/honkytonksail.com\/wp-content\/uploads\/2022\/02\/honky-tonk-plan-coupe-300x150.jpg 300w, https:\/\/honkytonksail.com\/wp-content\/uploads\/2022\/02\/honky-tonk-plan-coupe-768x384.jpg 768w, https:\/\/honkytonksail.com\/wp-content\/uploads\/2022\/02\/honky-tonk-plan-coupe-1536x768.jpg 1536w, https:\/\/honkytonksail.com\/wp-content\/uploads\/2022\/02\/honky-tonk-plan-coupe-2048x1024.jpg 2048w\" sizes=\"(max-width: 730px) 100vw, 730px\" \/>\t\t\t\t\t\t\t\t\t\t\t<\/div>\n\t\t\t\t<\/div>\n\t\t\t\t<\/div>\n\t\t\t\t\t\t<\/div>\n\t\t\t\t\t<\/div>\n\t\t<\/div>\n\t\t\t\t\t\t\t\t<\/div>\n\t\t\t\t\t<\/div>\n\t\t<\/section>\n\t\t\t\t\t\t<\/div>\n\t\t\t\t\t\t<\/div>\n\t\t\t\t\t<\/div>\n\t\t","protected":false},"excerpt":{"rendered":"<p>Honky tonk sous voiles &#8211; photo: Ka\u00ef &#8211; 2021 plan de l&#8217;int\u00e9rieur de Honky tonk Honky tonk avec son ancienne couleur, en Martinique &#8211; picture : Sham Adrien Nisan Le bateau \u00e9chou\u00e9 pour un concert \u00e0 St Sulliac Le carr\u00e9 confortable de Honky tonk, en mode atelier pour cette travers\u00e9e Dans la baie de Tarrafal<a class=\"moretag\" href=\"https:\/\/honkytonksail.com\/index.php\/the-boat-2\/\"><span class=\"screen-reader-text\">En savoir plus surThe boat<\/span>[&#8230;]<\/a><\/p>\n","protected":false},"author":1,"featured_media":217,"parent":0,"menu_order":0,"comment_status":"closed","ping_status":"closed","template":"template-fullwidth-no-title.php","meta":{"spay_email":""},"jetpack_sharing_enabled":true,"jetpack_shortlink":"https:\/\/wp.me\/Pasi3H-4b","_links":{"self":[{"href":"https:\/\/honkytonksail.com\/index.php\/wp-json\/wp\/v2\/pages\/259"}],"collection":[{"href":"https:\/\/honkytonksail.com\/index.php\/wp-json\/wp\/v2\/pages"}],"about":[{"href":"https:\/\/honkytonksail.com\/index.php\/wp-json\/wp\/v2\/types\/page"}],"author":[{"embeddable":true,"href":"https:\/\/honkytonksail.com\/index.php\/wp-json\/wp\/v2\/users\/1"}],"replies":[{"embeddable":true,"href":"https:\/\/honkytonksail.com\/index.php\/wp-json\/wp\/v2\/comments?post=259"}],"version-history":[{"count":18,"href":"https:\/\/honkytonksail.com\/index.php\/wp-json\/wp\/v2\/pages\/259\/revisions"}],"predecessor-version":[{"id":1034,"href":"https:\/\/honkytonksail.com\/index.php\/wp-json\/wp\/v2\/pages\/259\/revisions\/1034"}],"wp:featuredmedia":[{"embeddable":true,"href":"https:\/\/honkytonksail.com\/index.php\/wp-json\/wp\/v2\/media\/217"}],"wp:attachment":[{"href":"https:\/\/honkytonksail.com\/index.php\/wp-json\/wp\/v2\/media?parent=259"}],"curies":[{"name":"wp","href":"https:\/\/api.w.org\/{rel}","templated":true}]}}