{"id":1047,"date":"2022-02-03T19:12:44","date_gmt":"2022-02-03T18:12:44","guid":{"rendered":"https:\/\/honkytonksail.com\/?page_id=1047"},"modified":"2022-11-05T11:30:54","modified_gmt":"2022-11-05T10:30:54","slug":"concert-dessine","status":"publish","type":"page","link":"https:\/\/honkytonksail.com\/index.php\/concert-dessine\/","title":{"rendered":"Concert-dessin\u00e9"},"content":{"rendered":"\t\t<div data-elementor-type=\"wp-page\" data-elementor-id=\"1047\" class=\"elementor elementor-1047\" data-elementor-settings=\"[]\">\n\t\t\t\t\t\t<div class=\"elementor-inner\">\n\t\t\t\t\t\t\t<div class=\"elementor-section-wrap\">\n\t\t\t\t\t\t\t<section class=\"elementor-section elementor-top-section elementor-element elementor-element-9269c27 elementor-section-boxed elementor-section-height-default elementor-section-height-default\" data-id=\"9269c27\" data-element_type=\"section\">\n\t\t\t\t\t\t<div class=\"elementor-container elementor-column-gap-default\">\n\t\t\t\t\t\t\t<div class=\"elementor-row\">\n\t\t\t\t\t<div class=\"elementor-column elementor-col-100 elementor-top-column elementor-element elementor-element-a26a550\" data-id=\"a26a550\" data-element_type=\"column\">\n\t\t\t<div class=\"elementor-column-wrap\">\n\t\t\t\t\t\t\t<div class=\"elementor-widget-wrap\">\n\t\t\t\t\t\t\t\t<\/div>\n\t\t\t\t\t<\/div>\n\t\t<\/div>\n\t\t\t\t\t\t\t\t<\/div>\n\t\t\t\t\t<\/div>\n\t\t<\/section>\n\t\t\t\t<section class=\"elementor-section elementor-top-section elementor-element elementor-element-99a5180 elementor-section-boxed elementor-section-height-default elementor-section-height-default\" data-id=\"99a5180\" data-element_type=\"section\">\n\t\t\t\t\t\t<div class=\"elementor-container elementor-column-gap-default\">\n\t\t\t\t\t\t\t<div class=\"elementor-row\">\n\t\t\t\t\t<div class=\"elementor-column elementor-col-50 elementor-top-column elementor-element elementor-element-8df0ca8\" data-id=\"8df0ca8\" data-element_type=\"column\">\n\t\t\t<div class=\"elementor-column-wrap\">\n\t\t\t\t\t\t\t<div class=\"elementor-widget-wrap\">\n\t\t\t\t\t\t\t\t<\/div>\n\t\t\t\t\t<\/div>\n\t\t<\/div>\n\t\t\t\t<div class=\"elementor-column elementor-col-50 elementor-top-column elementor-element elementor-element-fc8b8db\" data-id=\"fc8b8db\" data-element_type=\"column\">\n\t\t\t<div class=\"elementor-column-wrap elementor-element-populated\">\n\t\t\t\t\t\t\t<div class=\"elementor-widget-wrap\">\n\t\t\t\t\t\t<div class=\"elementor-element elementor-element-65addf9 elementor-widget elementor-widget-text-editor\" data-id=\"65addf9\" data-element_type=\"widget\" data-widget_type=\"text-editor.default\">\n\t\t\t\t<div class=\"elementor-widget-container\">\n\t\t\t\t\t<div class=\"elementor-text-editor elementor-clearfix\"><div class=\"page\" title=\"Page 2\"><div class=\"layoutArea\"><div class=\"column\"><h3><strong>CONCERT-DESSIN\u00c9<\/strong><\/h3><p>La sc\u00e8ne flotte, le vent fait danser les drisses. Le bateau sc\u00e8ne, install\u00e9 \u00e0 quai est comme une lanterne. Sur sa voile, s&#8217;alternent des histoires, des tableaux, des images. R\u00e9troprojecteur ou vid\u00e9oprojecteur, pinceaux, encres, eau, huile, fluides, les peintres s&#8217;\u00e9changent outils et id\u00e9es, jonglent avec la lumi\u00e8re.<\/p><p>Sur le pont, la musique propose un air charg\u00e9 d&#8217;embruns et de travers\u00e9es. D&#8217;influences jazz mais aussi balkan et blues, le r\u00e9pertoire puise dans des standards pour se permettre l&#8217;improvisation, le sur-mesure, la c\u00e9l\u00e9bration de l&#8217;instant.<\/p><p>Dans la magie de la nuit, l&#8217;\u00e9quipage artistique de Honky tonk sail partage avec le public des fragments de voyage glan\u00e9s sur sa route maritime.<\/p><div>\u00a0<\/div><div>&gt; \u00c0 la musique s&#8217;alternent : Adrien Merer (contrebasse et tuba), Dorian Trabattoni (guitare), F\u00e9lix Heymans (saxo), Cl\u00e9ment Meunier (clarinette), Bots (trompette)<\/div><div>\u00a0<\/div><div>&gt; \u00c0 la peinture se relaient : Gaele Flao, Benjamin Flao, Soizic S\u00e9on et Jules Stromboni<\/div><div>\u00a0<\/div><\/div><\/div><\/div><\/div>\n\t\t\t\t<\/div>\n\t\t\t\t<\/div>\n\t\t\t\t\t\t<\/div>\n\t\t\t\t\t<\/div>\n\t\t<\/div>\n\t\t\t\t\t\t\t\t<\/div>\n\t\t\t\t\t<\/div>\n\t\t<\/section>\n\t\t\t\t<section class=\"elementor-section elementor-top-section elementor-element elementor-element-d33bb39 elementor-section-boxed elementor-section-height-default elementor-section-height-default\" data-id=\"d33bb39\" data-element_type=\"section\">\n\t\t\t\t\t\t<div class=\"elementor-container elementor-column-gap-default\">\n\t\t\t\t\t\t\t<div class=\"elementor-row\">\n\t\t\t\t\t<div class=\"elementor-column elementor-col-100 elementor-top-column elementor-element elementor-element-a0403e3\" data-id=\"a0403e3\" data-element_type=\"column\">\n\t\t\t<div class=\"elementor-column-wrap elementor-element-populated\">\n\t\t\t\t\t\t\t<div class=\"elementor-widget-wrap\">\n\t\t\t\t\t\t<div class=\"elementor-element elementor-element-faf9ba2 elementor-aspect-ratio-169 elementor-widget elementor-widget-video\" data-id=\"faf9ba2\" data-element_type=\"widget\" data-settings=\"{&quot;youtube_url&quot;:&quot;https:\\\/\\\/youtu.be\\\/DNri66D2wLc&quot;,&quot;video_type&quot;:&quot;youtube&quot;,&quot;controls&quot;:&quot;yes&quot;,&quot;aspect_ratio&quot;:&quot;169&quot;}\" data-widget_type=\"video.default\">\n\t\t\t\t<div class=\"elementor-widget-container\">\n\t\t\t\t\t<div class=\"elementor-wrapper elementor-fit-aspect-ratio elementor-open-inline\">\n\t\t\t<div class=\"elementor-video\"><\/div>\t\t<\/div>\n\t\t\t\t<\/div>\n\t\t\t\t<\/div>\n\t\t\t\t\t\t<\/div>\n\t\t\t\t\t<\/div>\n\t\t<\/div>\n\t\t\t\t\t\t\t\t<\/div>\n\t\t\t\t\t<\/div>\n\t\t<\/section>\n\t\t\t\t<section class=\"elementor-section elementor-top-section elementor-element elementor-element-44394fc elementor-section-boxed elementor-section-height-default elementor-section-height-default\" data-id=\"44394fc\" data-element_type=\"section\">\n\t\t\t\t\t\t<div class=\"elementor-container elementor-column-gap-default\">\n\t\t\t\t\t\t\t<div class=\"elementor-row\">\n\t\t\t\t\t<div class=\"elementor-column elementor-col-100 elementor-top-column elementor-element elementor-element-cd82011\" data-id=\"cd82011\" data-element_type=\"column\">\n\t\t\t<div class=\"elementor-column-wrap elementor-element-populated\">\n\t\t\t\t\t\t\t<div class=\"elementor-widget-wrap\">\n\t\t\t\t\t\t<div class=\"elementor-element elementor-element-92e73db elementor-widget elementor-widget-spacer\" data-id=\"92e73db\" data-element_type=\"widget\" data-widget_type=\"spacer.default\">\n\t\t\t\t<div class=\"elementor-widget-container\">\n\t\t\t\t\t<div class=\"elementor-spacer\">\n\t\t\t<div class=\"elementor-spacer-inner\"><\/div>\n\t\t<\/div>\n\t\t\t\t<\/div>\n\t\t\t\t<\/div>\n\t\t\t\t\t\t<\/div>\n\t\t\t\t\t<\/div>\n\t\t<\/div>\n\t\t\t\t\t\t\t\t<\/div>\n\t\t\t\t\t<\/div>\n\t\t<\/section>\n\t\t\t\t<section class=\"elementor-section elementor-top-section elementor-element elementor-element-cd3b63c elementor-section-boxed elementor-section-height-default elementor-section-height-default\" data-id=\"cd3b63c\" data-element_type=\"section\">\n\t\t\t\t\t\t<div class=\"elementor-container elementor-column-gap-default\">\n\t\t\t\t\t\t\t<div class=\"elementor-row\">\n\t\t\t\t\t<div class=\"elementor-column elementor-col-100 elementor-top-column elementor-element elementor-element-bea2208\" data-id=\"bea2208\" data-element_type=\"column\">\n\t\t\t<div class=\"elementor-column-wrap elementor-element-populated\">\n\t\t\t\t\t\t\t<div class=\"elementor-widget-wrap\">\n\t\t\t\t\t\t<div class=\"elementor-element elementor-element-8866c62 elementor-arrows-position-inside elementor-pagination-position-outside elementor-widget elementor-widget-image-carousel\" data-id=\"8866c62\" data-element_type=\"widget\" data-settings=\"{&quot;slides_to_show&quot;:&quot;1&quot;,&quot;navigation&quot;:&quot;both&quot;,&quot;autoplay&quot;:&quot;yes&quot;,&quot;pause_on_hover&quot;:&quot;yes&quot;,&quot;pause_on_interaction&quot;:&quot;yes&quot;,&quot;autoplay_speed&quot;:5000,&quot;infinite&quot;:&quot;yes&quot;,&quot;effect&quot;:&quot;slide&quot;,&quot;speed&quot;:500}\" data-widget_type=\"image-carousel.default\">\n\t\t\t\t<div class=\"elementor-widget-container\">\n\t\t\t\t\t<div class=\"elementor-image-carousel-wrapper swiper-container\" dir=\"ltr\">\n\t\t\t<div class=\"elementor-image-carousel swiper-wrapper\">\n\t\t\t\t<div class=\"swiper-slide\"><figure class=\"swiper-slide-inner\"><img class=\"swiper-slide-image\" src=\"https:\/\/honkytonksail.com\/wp-content\/uploads\/2022\/09\/AQU_1416.leg_.jpg\" alt=\"\u00c9tel, ao\u00fbt 2022 - photo : Maud Veith\" \/><figcaption class=\"elementor-image-carousel-caption\">\u00c9tel, ao\u00fbt 2022 - photo : Maud Veith<\/figcaption><\/figure><\/div><div class=\"swiper-slide\"><figure class=\"swiper-slide-inner\"><img class=\"swiper-slide-image\" src=\"https:\/\/honkytonksail.com\/wp-content\/uploads\/2022\/04\/AQU_2373.leg_.jpg\" alt=\"AQU_2373.leg\" \/><\/figure><\/div><div class=\"swiper-slide\"><figure class=\"swiper-slide-inner\"><img class=\"swiper-slide-image\" src=\"https:\/\/honkytonksail.com\/wp-content\/uploads\/2022\/09\/AQU_1460.leg_.jpg\" alt=\"\u00c9tel, ao\u00fbt 2022 - photo : Maud Veith\" \/><figcaption class=\"elementor-image-carousel-caption\">\u00c9tel, ao\u00fbt 2022 - photo : Maud Veith<\/figcaption><\/figure><\/div><div class=\"swiper-slide\"><figure class=\"swiper-slide-inner\"><img class=\"swiper-slide-image\" src=\"https:\/\/honkytonksail.com\/wp-content\/uploads\/2022\/04\/AQU_2444.leg_.jpg\" alt=\"AQU_2444.leg\" \/><\/figure><\/div><div class=\"swiper-slide\"><figure class=\"swiper-slide-inner\"><img class=\"swiper-slide-image\" src=\"https:\/\/honkytonksail.com\/wp-content\/uploads\/2022\/04\/AQU_2402.leg_.jpg\" alt=\"AQU_2402.leg\" \/><\/figure><\/div><div class=\"swiper-slide\"><figure class=\"swiper-slide-inner\"><img class=\"swiper-slide-image\" src=\"https:\/\/honkytonksail.com\/wp-content\/uploads\/2022\/04\/AQU_2185.leg_.jpg\" alt=\"AQU_2185.leg\" \/><\/figure><\/div><div class=\"swiper-slide\"><figure class=\"swiper-slide-inner\"><img class=\"swiper-slide-image\" src=\"https:\/\/honkytonksail.com\/wp-content\/uploads\/2022\/04\/AQU_2454.leg_.jpg\" alt=\"AQU_2454.leg\" \/><\/figure><\/div><div class=\"swiper-slide\"><figure class=\"swiper-slide-inner\"><img class=\"swiper-slide-image\" src=\"https:\/\/honkytonksail.com\/wp-content\/uploads\/2022\/04\/AQU_2435.leg_.jpg\" alt=\"AQU_2435.leg\" \/><\/figure><\/div><div class=\"swiper-slide\"><figure class=\"swiper-slide-inner\"><img class=\"swiper-slide-image\" src=\"https:\/\/honkytonksail.com\/wp-content\/uploads\/2022\/08\/AQU_1127.leg_.jpg\" alt=\"Concert dessin\u00e9 sur Honky tonk - ao\u00fbt 2022 - Maud Veith\" \/><figcaption class=\"elementor-image-carousel-caption\">Concert dessin\u00e9 sur Honky tonk - ao\u00fbt 2022 - Maud Veith<\/figcaption><\/figure><\/div><div class=\"swiper-slide\"><figure class=\"swiper-slide-inner\"><img class=\"swiper-slide-image\" src=\"https:\/\/honkytonksail.com\/wp-content\/uploads\/2022\/08\/AQU_1099.leg_.jpg\" alt=\"Concert-dessin\u00e9 \u00e0 Quiberon ao\u00fbt 2022 - Maud Veith\" \/><figcaption class=\"elementor-image-carousel-caption\">Concert-dessin\u00e9 \u00e0 Quiberon ao\u00fbt 2022 - Maud Veith<\/figcaption><\/figure><\/div><div class=\"swiper-slide\"><figure class=\"swiper-slide-inner\"><img class=\"swiper-slide-image\" src=\"https:\/\/honkytonksail.com\/wp-content\/uploads\/2022\/08\/IMG_3974-scaled.jpg\" alt=\"IMG_3974\" \/><\/figure><\/div><div class=\"swiper-slide\"><figure class=\"swiper-slide-inner\"><img class=\"swiper-slide-image\" src=\"https:\/\/honkytonksail.com\/wp-content\/uploads\/2022\/08\/htbleu-LD.jpg\" alt=\"Concert dessin\u00e9 \u00e0 Arradon - juillet 2022 - JM Meunier\" \/><figcaption class=\"elementor-image-carousel-caption\">Concert dessin\u00e9 \u00e0 Arradon - juillet 2022 - JM Meunier<\/figcaption><\/figure><\/div><div class=\"swiper-slide\"><figure class=\"swiper-slide-inner\"><img class=\"swiper-slide-image\" src=\"https:\/\/honkytonksail.com\/wp-content\/uploads\/2022\/08\/AQU_1051.leg_.jpg\" alt=\"Les musiciens sur le rouf, Quiberon o\u00fbt 2022 - Maud Veith\" \/><figcaption class=\"elementor-image-carousel-caption\">Les musiciens sur le rouf, Quiberon o\u00fbt 2022 - Maud Veith<\/figcaption><\/figure><\/div><div class=\"swiper-slide\"><figure class=\"swiper-slide-inner\"><img class=\"swiper-slide-image\" src=\"https:\/\/honkytonksail.com\/wp-content\/uploads\/2022\/07\/belle-ile-11.07.22.jpg\" alt=\"Le Palais, juillet 2022 - cr\u00e9dit photo : R\u00e9mi Jouan\" \/><figcaption class=\"elementor-image-carousel-caption\">Le Palais, juillet 2022 - cr\u00e9dit photo : R\u00e9mi Jouan<\/figcaption><\/figure><\/div>\t\t\t<\/div>\n\t\t\t\t\t\t\t\t\t\t\t\t<div class=\"swiper-pagination\"><\/div>\n\t\t\t\t\t\t\t\t\t\t\t\t\t<div class=\"elementor-swiper-button elementor-swiper-button-prev\">\n\t\t\t\t\t\t<i class=\"eicon-chevron-left\" aria-hidden=\"true\"><\/i>\n\t\t\t\t\t\t<span class=\"elementor-screen-only\">Pr\u00e9c\u00e9dent<\/span>\n\t\t\t\t\t<\/div>\n\t\t\t\t\t<div class=\"elementor-swiper-button elementor-swiper-button-next\">\n\t\t\t\t\t\t<i class=\"eicon-chevron-right\" aria-hidden=\"true\"><\/i>\n\t\t\t\t\t\t<span class=\"elementor-screen-only\">Suivant<\/span>\n\t\t\t\t\t<\/div>\n\t\t\t\t\t\t\t\t\t<\/div>\n\t\t\t\t<\/div>\n\t\t\t\t<\/div>\n\t\t\t\t\t\t<\/div>\n\t\t\t\t\t<\/div>\n\t\t<\/div>\n\t\t\t\t\t\t\t\t<\/div>\n\t\t\t\t\t<\/div>\n\t\t<\/section>\n\t\t\t\t\t\t<\/div>\n\t\t\t\t\t\t<\/div>\n\t\t\t\t\t<\/div>\n\t\t","protected":false},"excerpt":{"rendered":"<p>CONCERT-DESSIN\u00c9 La sc\u00e8ne flotte, le vent fait danser les drisses. Le bateau sc\u00e8ne, install\u00e9 \u00e0 quai est comme une lanterne. Sur sa voile, s&#8217;alternent des histoires, des tableaux, des images. R\u00e9troprojecteur ou vid\u00e9oprojecteur, pinceaux, encres, eau, huile, fluides, les peintres s&#8217;\u00e9changent outils et id\u00e9es, jonglent avec la lumi\u00e8re. Sur le pont, la musique propose un<a class=\"moretag\" href=\"https:\/\/honkytonksail.com\/index.php\/concert-dessine\/\"><span class=\"screen-reader-text\">En savoir plus surConcert-dessin\u00e9<\/span>[&#8230;]<\/a><\/p>\n","protected":false},"author":1,"featured_media":0,"parent":0,"menu_order":0,"comment_status":"closed","ping_status":"closed","template":"elementor_header_footer","meta":{"spay_email":""},"jetpack_sharing_enabled":true,"jetpack_shortlink":"https:\/\/wp.me\/Pasi3H-gT","_links":{"self":[{"href":"https:\/\/honkytonksail.com\/index.php\/wp-json\/wp\/v2\/pages\/1047"}],"collection":[{"href":"https:\/\/honkytonksail.com\/index.php\/wp-json\/wp\/v2\/pages"}],"about":[{"href":"https:\/\/honkytonksail.com\/index.php\/wp-json\/wp\/v2\/types\/page"}],"author":[{"embeddable":true,"href":"https:\/\/honkytonksail.com\/index.php\/wp-json\/wp\/v2\/users\/1"}],"replies":[{"embeddable":true,"href":"https:\/\/honkytonksail.com\/index.php\/wp-json\/wp\/v2\/comments?post=1047"}],"version-history":[{"count":34,"href":"https:\/\/honkytonksail.com\/index.php\/wp-json\/wp\/v2\/pages\/1047\/revisions"}],"predecessor-version":[{"id":1378,"href":"https:\/\/honkytonksail.com\/index.php\/wp-json\/wp\/v2\/pages\/1047\/revisions\/1378"}],"wp:attachment":[{"href":"https:\/\/honkytonksail.com\/index.php\/wp-json\/wp\/v2\/media?parent=1047"}],"curies":[{"name":"wp","href":"https:\/\/api.w.org\/{rel}","templated":true}]}}